{"id":1009,"date":"2023-05-28T15:50:15","date_gmt":"2023-05-28T13:50:15","guid":{"rendered":"https:\/\/www.alhelp.cz\/?page_id=1009"},"modified":"2023-05-28T15:54:11","modified_gmt":"2023-05-28T13:54:11","slug":"elektroskutr-fold-2","status":"publish","type":"page","link":"https:\/\/www.alhelp.cz\/?page_id=1009","title":{"rendered":"Elektrosk\u00fatr FOLD 2"},"content":{"rendered":"\n<figure class=\"wp-block-image size-full\"><a href=\"https:\/\/www.alhelp.cz\/wp-content\/uploads\/2023\/05\/Eroute-FOLD-2-servisni-slupek.jpg\"><img loading=\"lazy\" decoding=\"async\" width=\"1000\" height=\"750\" src=\"https:\/\/www.alhelp.cz\/wp-content\/uploads\/2023\/05\/Eroute-FOLD-2-servisni-slupek.jpg\" alt=\"\" class=\"wp-image-1012\" srcset=\"https:\/\/www.alhelp.cz\/wp-content\/uploads\/2023\/05\/Eroute-FOLD-2-servisni-slupek.jpg 1000w, https:\/\/www.alhelp.cz\/wp-content\/uploads\/2023\/05\/Eroute-FOLD-2-servisni-slupek-300x225.jpg 300w, https:\/\/www.alhelp.cz\/wp-content\/uploads\/2023\/05\/Eroute-FOLD-2-servisni-slupek-768x576.jpg 768w\" sizes=\"auto, (max-width: 1000px) 100vw, 1000px\" \/><\/a><\/figure>\n\n\n\n<p><strong><em>Mo\u017enost p\u0159edveden\u00ed a zku\u0161ebn\u00ed j\u00edzdy v Hradci Kr\u00e1lov\u00e9 a okol\u00ed.<\/em><\/strong><\/p>\n\n\n\n<h4 class=\"wp-block-heading\">Detailn\u00ed popis produktu<\/h4>\n\n\n\n<p>Zcela nov\u00fd&nbsp;<strong>FOLD 2 Li-ion<\/strong>&nbsp;je&nbsp;<strong>mal\u00fd<\/strong>&nbsp;a&nbsp;<strong>skladn\u00fd<\/strong>&nbsp;<strong>elektrick\u00fd sk\u00fatr<\/strong>, kter\u00fd lze d\u00edky sv\u00fdm&nbsp;<strong>kompaktn\u00edm<\/strong>&nbsp;rozm\u011br\u016fm bez probl\u00e9m\u016f vlo\u017eit do&nbsp;<strong>kufru auta<\/strong>&nbsp;nebo&nbsp;<strong>vyv\u00e9zt v\u00fdtahem<\/strong>. D\u00edky sv\u00e9 skladnosti se v\u00e1m pohodln\u011b vejde i do va\u0161eho&nbsp;<strong>mal\u00e9ho bytu<\/strong>. Tentokr\u00e1t kvalitn\u00ed&nbsp;<strong>odpru\u017een\u00ed<\/strong>&nbsp;vp\u0159edu i vzadu, vylep\u0161en\u00e9 a velmi&nbsp;<strong>komfortn\u00ed sedadlo<\/strong>&nbsp;a&nbsp;<strong>loketn\u00ed op\u011brky<\/strong>. D\u00edky tomu v\u00e1s nebudou bolet z\u00e1da a u\u017eijete si pohodlnou j\u00edzdu. Tento elektrick\u00fd sk\u00fatr je ide\u00e1ln\u00ed pro v\u0161echny, kte\u0159\u00ed \u017eij\u00ed ve m\u011bst\u011b a m\u00edsto ve\u0159ejn\u00e9 dopravy rad\u011bji spol\u00e9haj\u00ed na vlastn\u00ed p\u0159epravu. M\u00e1 dojezd a\u017e&nbsp;<strong>30 km<\/strong>&nbsp;a nosnost a\u017e&nbsp;<strong>120 kg<\/strong>.<\/p>\n\n\n\n<figure class=\"wp-block-image\"><img decoding=\"async\" src=\"https:\/\/cdn.myshoptet.com\/usr\/www.eroute.cz\/user\/documents\/upload\/CZ-trunk1_1.jpg\" alt=\"CZ-trunk1_1\"\/><\/figure>\n\n\n\n<h4 class=\"wp-block-heading\">P\u0159ednosti elektrick\u00e9ho sk\u00fatru FOLD 2 Li-ion<\/h4>\n\n\n\n<ul class=\"wp-block-list\">\n<li>Nevy\u017eaduje t\u00e9m\u011b\u0159 \u017e\u00e1dnou \u00fadr\u017ebu<\/li>\n\n\n\n<li>Vejde se do kufru mal\u00fdch aut, do v\u00fdtahu i do bytu<\/li>\n\n\n\n<li>Lehk\u00fd, skladn\u00fd, v\u00fdkonn\u00fd, bezpe\u010dn\u00fd a stabiln\u00ed<\/li>\n\n\n\n<li>M\u00e1 komfortn\u00ed sedadlo a loketn\u00ed op\u011brky<\/li>\n\n\n\n<li>Kvalitn\u00ed odpru\u017een\u00ed vp\u0159edu i vzadu<\/li>\n\n\n\n<li>K \u0159\u00edzen\u00ed nen\u00ed za pot\u0159eb\u00ed \u0158P ani registrace<\/li>\n\n\n\n<li>Neprodukuje emise a nezne\u010di\u0161\u0165uje ovzdu\u0161\u00ed<\/li>\n<\/ul>\n\n\n\n<h4 class=\"wp-block-heading\">Pln\u011b sestaven\u00fd a p\u0159ipraven\u00fd k&nbsp;j\u00edzd\u011b<\/h4>\n\n\n\n<p>Na\u0161im z\u00e1kazn\u00edk\u016fm nab\u00edz\u00edme jen ty nejlep\u0161\u00ed slu\u017eby. Elektrick\u00fd sk\u00fatr&nbsp;<strong>FOLD 2 Li-ion<\/strong>&nbsp;dod\u00e1me pln\u011b&nbsp;<strong>sestaven\u00fd<\/strong>&nbsp;a je okam\u017eit\u011b p\u0159ipraven\u00fd k pou\u017eit\u00ed. Nav\u00edc pro v\u00e1s zajist\u00edme&nbsp;<strong>z\u00e1ru\u010dn\u00ed<\/strong>&nbsp;i&nbsp;<strong>poz\u00e1ru\u010dn\u00ed servis<\/strong>&nbsp;a&nbsp;<strong>pravideln\u00e9 prohl\u00eddky<\/strong>&nbsp;v na\u0161em servisn\u00edm st\u0159edisku. M\u016f\u017eete si vybrat hned z n\u011bkolika barevn\u00fdch variant. K&nbsp;dispozici je&nbsp;<strong>modr\u00e1<\/strong>,&nbsp;<strong>\u010derven\u00e1<\/strong>&nbsp;i&nbsp;<strong>b\u00edl\u00e1<\/strong>.&nbsp;<strong>Lehk\u00fd<\/strong>&nbsp;elektro sk\u00fatr sta\u010d\u00ed po ka\u017ed\u00e9 j\u00edzd\u011b&nbsp;<strong>nab\u00edt<\/strong>&nbsp;a je op\u011bt p\u0159ipraven pro dal\u0161\u00ed j\u00edzdu. D\u00edky tomu m\u016f\u017eete vyrazit kdykoliv na cesty rychlost\u00ed a\u017e&nbsp;<strong>18 km za hodinu<\/strong>.<\/p>\n\n\n\n<figure class=\"wp-block-embed is-type-rich is-provider-obsluzna-rutina-kodu-pro-vlozeni wp-block-embed-obsluzna-rutina-kodu-pro-vlozeni wp-embed-aspect-16-9 wp-has-aspect-ratio\"><div class=\"wp-block-embed__wrapper\">\n<iframe loading=\"lazy\" title=\"FOLD 2 Li-ion\" width=\"474\" height=\"267\" src=\"https:\/\/www.youtube.com\/embed\/9UHzaujN16g?feature=oembed\" frameborder=\"0\" allow=\"accelerometer; autoplay; clipboard-write; encrypted-media; gyroscope; picture-in-picture; web-share\" referrerpolicy=\"strict-origin-when-cross-origin\" allowfullscreen><\/iframe>\n<\/div><\/figure>\n\n\n\n<h4 class=\"wp-block-heading\">P\u0159\u00edslu\u0161enstv\u00ed<\/h4>\n\n\n\n<ul class=\"wp-block-list\">\n<li>P\u0159edn\u00ed ko\u0161\u00edk<\/li>\n\n\n\n<li>P\u0159edn\u00ed sv\u011btlo<\/li>\n\n\n\n<li>Informa\u010dn\u00ed panel<\/li>\n\n\n\n<li>Pohodln\u00e9 sedadlo<\/li>\n\n\n\n<li>Loketn\u00ed op\u011brky<\/li>\n\n\n\n<li>Nab\u00edje\u010dka<\/li>\n\n\n\n<li>Baterie<\/li>\n<\/ul>\n\n\n\n<h4 class=\"wp-block-heading\">Bez nutnosti \u0159idi\u010dsk\u00e9ho opr\u00e1vn\u011bn\u00ed a bez emis\u00ed<\/h4>\n\n\n\n<p>Mal\u00fd, skladn\u00fd a v\u00fdkonn\u00fd sk\u00fatr, kter\u00fd se vejde do auta, v\u00fdtahu i bytu disponuje velk\u00fdm dojezdem a\u017e&nbsp;<strong>30 km&nbsp;<\/strong>a&nbsp;<strong>kvalitn\u00edmi brzdami<\/strong>, na kter\u00e9 se m\u016f\u017eete pln\u011b spolehnout. Jeho velkou v\u00fdhodou je, \u017ee k&nbsp;jeho \u0159\u00edzen\u00ed nen\u00ed za pot\u0159eb\u00ed&nbsp;<strong>\u0158P<\/strong>&nbsp;ani registrace. Elektrick\u00fd sk\u00fatr&nbsp;<strong>neprodukuje \u017e\u00e1dn\u00e9 emise<\/strong>&nbsp;a nezne\u010di\u0161\u0165uje ovzdu\u0161\u00ed. Elektrosk\u00fatr je tak&nbsp;<strong>levn\u00fdm<\/strong>&nbsp;a&nbsp;<strong>ekologick\u00fdm<\/strong>&nbsp;dopravn\u00edm prost\u0159edkem. Vyu\u017eijete ho pro v\u00fdlety po okol\u00ed, j\u00edzdu do pr\u00e1ce \u010di do \u0161koly, na n\u00e1kupy a r\u016fzn\u00e9 poch\u016fzky.&nbsp;<strong>Kvalitn\u00ed lithiov\u00e1 baterie<\/strong>&nbsp;vydr\u017e\u00ed p\u0159i spr\u00e1vn\u00e9m zach\u00e1zen\u00ed&nbsp;<strong>5 a\u017e 6 let<\/strong>. Sou\u010d\u00e1st\u00ed sk\u00fatru je p\u0159edn\u00ed ko\u0161\u00edk, p\u0159edn\u00ed sv\u011btlo, informa\u010dn\u00ed panel, pohodln\u00e9 sedadlo, loketn\u00ed op\u011brky, nab\u00edje\u010dka a baterie.<\/p>\n\n\n\n<h4 class=\"wp-block-heading\">Kompaktn\u00ed, stabiln\u00ed, pohodln\u00fd, bezpe\u010dn\u00fd a v\u00fdkonn\u00fd<\/h4>\n\n\n\n<p>Elektrick\u00e9 skl\u00e1dac\u00ed voz\u00edtko velmi&nbsp;<strong>snadno slo\u017e\u00edte<\/strong>&nbsp;a&nbsp;<strong>rozlo\u017e\u00edte<\/strong>.&nbsp;<strong>Nabijete<\/strong>&nbsp;ho za&nbsp;<strong>4 a\u017e 6 hodin<\/strong>&nbsp;a m\u016f\u017eete op\u011bt vyrazit. Vysok\u00fd&nbsp;<strong>komfort<\/strong>,&nbsp;<strong>pohodlnou<\/strong>&nbsp;j\u00edzdu a&nbsp;<strong>bezpe\u010dnou stabilitu<\/strong>&nbsp;p\u0159i j\u00edzd\u011b zaru\u010duje kombinace men\u0161\u00edch zadn\u00edch a v\u011bt\u0161\u00edch p\u0159edn\u00edch kol. Zcela nov\u00fd skl\u00e1dac\u00ed elektrosk\u00fatr&nbsp;<strong>Eroute Fold 2<\/strong>&nbsp;se d\u00e1 vyu\u017e\u00edt jako&nbsp;<strong>zdravotnick\u00fd prost\u0159edek<\/strong>. P\u0159e\u010dt\u011bte si pozorn\u011b p\u0159\u00edbalov\u00fd let\u00e1k a n\u00e1vod k&nbsp;pou\u017eit\u00ed a o vhodn\u00e9m vyu\u017eit\u00ed tohoto skl\u00e1dac\u00edho voz\u00edku se pora\u010fte se sv\u00fdm o\u0161et\u0159uj\u00edc\u00edm l\u00e9ka\u0159em.<\/p>\n","protected":false},"excerpt":{"rendered":"<p>Mo\u017enost p\u0159edveden\u00ed a zku\u0161ebn\u00ed j\u00edzdy v Hradci Kr\u00e1lov\u00e9 a okol\u00ed. Detailn\u00ed popis produktu Zcela nov\u00fd&nbsp;FOLD 2 Li-ion&nbsp;je&nbsp;mal\u00fd&nbsp;a&nbsp;skladn\u00fd&nbsp;elektrick\u00fd sk\u00fatr, kter\u00fd lze d\u00edky sv\u00fdm&nbsp;kompaktn\u00edm&nbsp;rozm\u011br\u016fm bez probl\u00e9m\u016f vlo\u017eit do&nbsp;kufru auta&nbsp;nebo&nbsp;vyv\u00e9zt v\u00fdtahem. D\u00edky sv\u00e9 skladnosti se v\u00e1m pohodln\u011b vejde i do va\u0161eho&nbsp;mal\u00e9ho bytu. Tentokr\u00e1t kvalitn\u00ed&nbsp;odpru\u017een\u00ed&nbsp;vp\u0159edu i vzadu, vylep\u0161en\u00e9 a velmi&nbsp;komfortn\u00ed sedadlo&nbsp;a&nbsp;loketn\u00ed op\u011brky. D\u00edky tomu v\u00e1s nebudou bolet z\u00e1da a &hellip; <a href=\"https:\/\/www.alhelp.cz\/?page_id=1009\" class=\"more-link\">Pokra\u010dov\u00e1n\u00ed textu <span class=\"screen-reader-text\">Elektrosk\u00fatr FOLD 2<\/span> <span class=\"meta-nav\">&rarr;<\/span><\/a><\/p>\n","protected":false},"author":1,"featured_media":0,"parent":892,"menu_order":0,"comment_status":"closed","ping_status":"closed","template":"","meta":{"footnotes":""},"class_list":["post-1009","page","type-page","status-publish","hentry"],"_links":{"self":[{"href":"https:\/\/www.alhelp.cz\/index.php?rest_route=\/wp\/v2\/pages\/1009","targetHints":{"allow":["GET"]}}],"collection":[{"href":"https:\/\/www.alhelp.cz\/index.php?rest_route=\/wp\/v2\/pages"}],"about":[{"href":"https:\/\/www.alhelp.cz\/index.php?rest_route=\/wp\/v2\/types\/page"}],"author":[{"embeddable":true,"href":"https:\/\/www.alhelp.cz\/index.php?rest_route=\/wp\/v2\/users\/1"}],"replies":[{"embeddable":true,"href":"https:\/\/www.alhelp.cz\/index.php?rest_route=%2Fwp%2Fv2%2Fcomments&post=1009"}],"version-history":[{"count":3,"href":"https:\/\/www.alhelp.cz\/index.php?rest_route=\/wp\/v2\/pages\/1009\/revisions"}],"predecessor-version":[{"id":1014,"href":"https:\/\/www.alhelp.cz\/index.php?rest_route=\/wp\/v2\/pages\/1009\/revisions\/1014"}],"up":[{"embeddable":true,"href":"https:\/\/www.alhelp.cz\/index.php?rest_route=\/wp\/v2\/pages\/892"}],"wp:attachment":[{"href":"https:\/\/www.alhelp.cz\/index.php?rest_route=%2Fwp%2Fv2%2Fmedia&parent=1009"}],"curies":[{"name":"wp","href":"https:\/\/api.w.org\/{rel}","templated":true}]}}