{"id":1184,"date":"2023-12-12T15:03:04","date_gmt":"2023-12-12T14:03:04","guid":{"rendered":"https:\/\/www.alhelp.cz\/?page_id=1184"},"modified":"2023-12-12T15:58:07","modified_gmt":"2023-12-12T14:58:07","slug":"najezdovky","status":"publish","type":"page","link":"https:\/\/www.alhelp.cz\/?page_id=1184","title":{"rendered":"N\u00e1jezdovky"},"content":{"rendered":"\n<p><strong>N\u00e1jezdov\u00e9 rampy a li\u017einy<\/strong><\/p>\n\n\n\n<figure class=\"wp-block-image size-large\"><a href=\"https:\/\/www.alhelp.cz\/wp-content\/uploads\/2023\/12\/Najezdovky-vozik-scaled.jpg\"><img loading=\"lazy\" decoding=\"async\" width=\"1024\" height=\"253\" src=\"https:\/\/www.alhelp.cz\/wp-content\/uploads\/2023\/12\/Najezdovky-vozik-1024x253.jpg\" alt=\"\" class=\"wp-image-1185\" srcset=\"https:\/\/www.alhelp.cz\/wp-content\/uploads\/2023\/12\/Najezdovky-vozik-1024x253.jpg 1024w, https:\/\/www.alhelp.cz\/wp-content\/uploads\/2023\/12\/Najezdovky-vozik-300x74.jpg 300w, https:\/\/www.alhelp.cz\/wp-content\/uploads\/2023\/12\/Najezdovky-vozik-768x189.jpg 768w, https:\/\/www.alhelp.cz\/wp-content\/uploads\/2023\/12\/Najezdovky-vozik-1536x379.jpg 1536w, https:\/\/www.alhelp.cz\/wp-content\/uploads\/2023\/12\/Najezdovky-vozik-2048x505.jpg 2048w\" sizes=\"auto, (max-width: 1024px) 100vw, 1024px\" \/><\/a><\/figure>\n\n\n\n<figure class=\"wp-block-image size-large\"><a href=\"https:\/\/www.alhelp.cz\/wp-content\/uploads\/2023\/12\/Najezdovky-rampy-scaled.jpg\"><img loading=\"lazy\" decoding=\"async\" width=\"1024\" height=\"253\" src=\"https:\/\/www.alhelp.cz\/wp-content\/uploads\/2023\/12\/Najezdovky-rampy-1024x253.jpg\" alt=\"\" class=\"wp-image-1186\" srcset=\"https:\/\/www.alhelp.cz\/wp-content\/uploads\/2023\/12\/Najezdovky-rampy-1024x253.jpg 1024w, https:\/\/www.alhelp.cz\/wp-content\/uploads\/2023\/12\/Najezdovky-rampy-300x74.jpg 300w, https:\/\/www.alhelp.cz\/wp-content\/uploads\/2023\/12\/Najezdovky-rampy-768x189.jpg 768w, https:\/\/www.alhelp.cz\/wp-content\/uploads\/2023\/12\/Najezdovky-rampy-1536x379.jpg 1536w, https:\/\/www.alhelp.cz\/wp-content\/uploads\/2023\/12\/Najezdovky-rampy-2048x505.jpg 2048w\" sizes=\"auto, (max-width: 1024px) 100vw, 1024px\" \/><\/a><\/figure>\n\n\n\n<figure class=\"wp-block-image size-large\"><a href=\"https:\/\/www.alhelp.cz\/wp-content\/uploads\/2023\/12\/Najezdovky-skladaci-scaled.jpg\"><img loading=\"lazy\" decoding=\"async\" width=\"1024\" height=\"253\" src=\"https:\/\/www.alhelp.cz\/wp-content\/uploads\/2023\/12\/Najezdovky-skladaci-1024x253.jpg\" alt=\"\" class=\"wp-image-1187\" srcset=\"https:\/\/www.alhelp.cz\/wp-content\/uploads\/2023\/12\/Najezdovky-skladaci-1024x253.jpg 1024w, https:\/\/www.alhelp.cz\/wp-content\/uploads\/2023\/12\/Najezdovky-skladaci-300x74.jpg 300w, https:\/\/www.alhelp.cz\/wp-content\/uploads\/2023\/12\/Najezdovky-skladaci-768x189.jpg 768w, https:\/\/www.alhelp.cz\/wp-content\/uploads\/2023\/12\/Najezdovky-skladaci-1536x379.jpg 1536w, https:\/\/www.alhelp.cz\/wp-content\/uploads\/2023\/12\/Najezdovky-skladaci-2048x505.jpg 2048w\" sizes=\"auto, (max-width: 1024px) 100vw, 1024px\" \/><\/a><\/figure>\n\n\n\n<div data-wp-interactive=\"core\/file\" class=\"wp-block-file\"><object data-wp-bind--hidden=\"!state.hasPdfPreview\" hidden class=\"wp-block-file__embed\" data=\"https:\/\/www.alhelp.cz\/wp-content\/uploads\/2023\/12\/Najezdove-rampy-a-liziny-katalog-2023.pdf\" type=\"application\/pdf\" style=\"width:100%;height:600px\" aria-label=\"Vlo\u017eit z Najezdove-rampy-a-liziny-katalog-2023.\"><\/object><a id=\"wp-block-file--media-157dea56-c00b-4830-8456-1e9cebc79c84\" href=\"https:\/\/www.alhelp.cz\/wp-content\/uploads\/2023\/12\/Najezdove-rampy-a-liziny-katalog-2023.pdf\">Najezdove-rampy-a-liziny-katalog-2023<\/a><a href=\"https:\/\/www.alhelp.cz\/wp-content\/uploads\/2023\/12\/Najezdove-rampy-a-liziny-katalog-2023.pdf\" class=\"wp-block-file__button wp-element-button\" download aria-describedby=\"wp-block-file--media-157dea56-c00b-4830-8456-1e9cebc79c84\">St\u00e1hnout<\/a><\/div>\n","protected":false},"excerpt":{"rendered":"<p>N\u00e1jezdov\u00e9 rampy a li\u017einy<\/p>\n","protected":false},"author":1,"featured_media":0,"parent":24,"menu_order":0,"comment_status":"closed","ping_status":"closed","template":"","meta":{"footnotes":""},"class_list":["post-1184","page","type-page","status-publish","hentry"],"_links":{"self":[{"href":"https:\/\/www.alhelp.cz\/index.php?rest_route=\/wp\/v2\/pages\/1184","targetHints":{"allow":["GET"]}}],"collection":[{"href":"https:\/\/www.alhelp.cz\/index.php?rest_route=\/wp\/v2\/pages"}],"about":[{"href":"https:\/\/www.alhelp.cz\/index.php?rest_route=\/wp\/v2\/types\/page"}],"author":[{"embeddable":true,"href":"https:\/\/www.alhelp.cz\/index.php?rest_route=\/wp\/v2\/users\/1"}],"replies":[{"embeddable":true,"href":"https:\/\/www.alhelp.cz\/index.php?rest_route=%2Fwp%2Fv2%2Fcomments&post=1184"}],"version-history":[{"count":2,"href":"https:\/\/www.alhelp.cz\/index.php?rest_route=\/wp\/v2\/pages\/1184\/revisions"}],"predecessor-version":[{"id":1190,"href":"https:\/\/www.alhelp.cz\/index.php?rest_route=\/wp\/v2\/pages\/1184\/revisions\/1190"}],"up":[{"embeddable":true,"href":"https:\/\/www.alhelp.cz\/index.php?rest_route=\/wp\/v2\/pages\/24"}],"wp:attachment":[{"href":"https:\/\/www.alhelp.cz\/index.php?rest_route=%2Fwp%2Fv2%2Fmedia&parent=1184"}],"curies":[{"name":"wp","href":"https:\/\/api.w.org\/{rel}","templated":true}]}}