{"id":1193,"date":"2023-12-31T12:47:41","date_gmt":"2023-12-31T11:47:41","guid":{"rendered":"https:\/\/www.alhelp.cz\/?page_id=1193"},"modified":"2023-12-31T12:47:41","modified_gmt":"2023-12-31T11:47:41","slug":"fakturaonline","status":"publish","type":"page","link":"https:\/\/www.alhelp.cz\/?page_id=1193","title":{"rendered":"Fakturaonline"},"content":{"rendered":"\n<figure class=\"wp-block-image size-full\"><a href=\"https:\/\/www.fakturaonline.cz\/\"><img loading=\"lazy\" decoding=\"async\" width=\"181\" height=\"180\" src=\"https:\/\/www.alhelp.cz\/wp-content\/uploads\/2023\/12\/Faktura-On-line-logo-ctvercove.png\" alt=\"\" class=\"wp-image-1194\" srcset=\"https:\/\/www.alhelp.cz\/wp-content\/uploads\/2023\/12\/Faktura-On-line-logo-ctvercove.png 181w, https:\/\/www.alhelp.cz\/wp-content\/uploads\/2023\/12\/Faktura-On-line-logo-ctvercove-150x150.png 150w\" sizes=\"auto, (max-width: 181px) 100vw, 181px\" \/><\/a><\/figure>\n\n\n\n<figure class=\"wp-block-image size-full\"><a href=\"https:\/\/www.fakturaonline.cz\/\"><img loading=\"lazy\" decoding=\"async\" width=\"354\" height=\"37\" src=\"https:\/\/www.alhelp.cz\/wp-content\/uploads\/2023\/12\/Faktura-On-line-logo-napis.png\" alt=\"\" class=\"wp-image-1195\" srcset=\"https:\/\/www.alhelp.cz\/wp-content\/uploads\/2023\/12\/Faktura-On-line-logo-napis.png 354w, https:\/\/www.alhelp.cz\/wp-content\/uploads\/2023\/12\/Faktura-On-line-logo-napis-300x31.png 300w\" sizes=\"auto, (max-width: 354px) 100vw, 354px\" \/><\/a><\/figure>\n\n\n\n<h1 class=\"wp-block-heading\">Vystavujte faktury<br>rychle a bezpe\u010dn\u011b<\/h1>\n\n\n\n<ul class=\"wp-block-list\">\n<li>Nejrychlej\u0161\u00ed vystaven\u00ed faktur online.<\/li>\n\n\n\n<li>Doklady jsou ihned p\u0159ipraveny ke sta\u017een\u00ed ve form\u00e1tu Adobe PDF.<\/li>\n\n\n\n<li>K dispozici v\u0161echny druhy doklad\u016f &#8211; z\u00e1lohov\u00e1 a proforma faktura, da\u0148ov\u00fd doklad pro pl\u00e1tce i nepl\u00e1tce DPH a dal\u0161\u00ed<\/li>\n<\/ul>\n\n\n\n<p>Proto\u017ee si ve FakturaOnline uv\u011bdomujeme, jakou d\u016fle\u017eitou roli hraj\u00ed neziskovky v na\u0161\u00ed spole\u010dnosti a jak je t\u011b\u017ek\u00e9 balancovat rozd\u011blen\u00ed finan\u010dn\u00edch prost\u0159edk\u016f, rozhodli jsme se jim poskytnout n\u00e1\u0161&nbsp;<strong>tarif PREMIUM zcela zdarma!<\/strong><\/p>\n\n\n\n<p>V\u0161echny spolky, obecn\u011b prosp\u011b\u0161n\u00e9 organizace, nadace a dal\u0161\u00ed formy neziskov\u00fdch organizac\u00ed*, kter\u00e9 m\u011bn\u00ed n\u00e1\u0161 sv\u011bt k lep\u0161\u00edmu, tak nyn\u00ed mohou vyu\u017e\u00edvat n\u00e1\u0161&nbsp;<strong>faktura\u010dn\u00ed n\u00e1stroj FakturaOnline na neomezenou dobu zdarma.<\/strong><\/p>\n\n\n\n<p><strong>FakturaOnline s.r.o.<\/strong><br>K\u0159\u00ed\u017eov\u00e1 2598\/4<br>150 00 Praha &#8211; Sm\u00edchov<br>\u010cesk\u00e1 Republika<\/p>\n\n\n\n<p><strong>I\u010c:<\/strong>&nbsp;04129890<br><strong>DI\u010c:<\/strong>&nbsp;CZ04129890<\/p>\n","protected":false},"excerpt":{"rendered":"<p>Vystavujte fakturyrychle a bezpe\u010dn\u011b Proto\u017ee si ve FakturaOnline uv\u011bdomujeme, jakou d\u016fle\u017eitou roli hraj\u00ed neziskovky v na\u0161\u00ed spole\u010dnosti a jak je t\u011b\u017ek\u00e9 balancovat rozd\u011blen\u00ed finan\u010dn\u00edch prost\u0159edk\u016f, rozhodli jsme se jim poskytnout n\u00e1\u0161&nbsp;tarif PREMIUM zcela zdarma! V\u0161echny spolky, obecn\u011b prosp\u011b\u0161n\u00e9 organizace, nadace a dal\u0161\u00ed formy neziskov\u00fdch organizac\u00ed*, kter\u00e9 m\u011bn\u00ed n\u00e1\u0161 sv\u011bt k lep\u0161\u00edmu, tak nyn\u00ed mohou vyu\u017e\u00edvat &hellip; <a href=\"https:\/\/www.alhelp.cz\/?page_id=1193\" class=\"more-link\">Pokra\u010dov\u00e1n\u00ed textu <span class=\"screen-reader-text\">Fakturaonline<\/span> <span class=\"meta-nav\">&rarr;<\/span><\/a><\/p>\n","protected":false},"author":1,"featured_media":0,"parent":27,"menu_order":0,"comment_status":"closed","ping_status":"closed","template":"","meta":{"footnotes":""},"class_list":["post-1193","page","type-page","status-publish","hentry"],"_links":{"self":[{"href":"https:\/\/www.alhelp.cz\/index.php?rest_route=\/wp\/v2\/pages\/1193","targetHints":{"allow":["GET"]}}],"collection":[{"href":"https:\/\/www.alhelp.cz\/index.php?rest_route=\/wp\/v2\/pages"}],"about":[{"href":"https:\/\/www.alhelp.cz\/index.php?rest_route=\/wp\/v2\/types\/page"}],"author":[{"embeddable":true,"href":"https:\/\/www.alhelp.cz\/index.php?rest_route=\/wp\/v2\/users\/1"}],"replies":[{"embeddable":true,"href":"https:\/\/www.alhelp.cz\/index.php?rest_route=%2Fwp%2Fv2%2Fcomments&post=1193"}],"version-history":[{"count":1,"href":"https:\/\/www.alhelp.cz\/index.php?rest_route=\/wp\/v2\/pages\/1193\/revisions"}],"predecessor-version":[{"id":1196,"href":"https:\/\/www.alhelp.cz\/index.php?rest_route=\/wp\/v2\/pages\/1193\/revisions\/1196"}],"up":[{"embeddable":true,"href":"https:\/\/www.alhelp.cz\/index.php?rest_route=\/wp\/v2\/pages\/27"}],"wp:attachment":[{"href":"https:\/\/www.alhelp.cz\/index.php?rest_route=%2Fwp%2Fv2%2Fmedia&parent=1193"}],"curies":[{"name":"wp","href":"https:\/\/api.w.org\/{rel}","templated":true}]}}