{"id":1220,"date":"2024-02-01T14:08:52","date_gmt":"2024-02-01T13:08:52","guid":{"rendered":"https:\/\/www.alhelp.cz\/?page_id=1220"},"modified":"2024-02-01T14:56:13","modified_gmt":"2024-02-01T13:56:13","slug":"alza","status":"publish","type":"page","link":"https:\/\/www.alhelp.cz\/?page_id=1220","title":{"rendered":"ALZA"},"content":{"rendered":"\n<figure class=\"wp-block-image size-full is-resized\"><a href=\"https:\/\/www.alza.cz\/?idp=20948&amp;banner_id=70884\"><img loading=\"lazy\" decoding=\"async\" width=\"844\" height=\"284\" src=\"https:\/\/www.alhelp.cz\/wp-content\/uploads\/2024\/02\/ALZA-logo.jpeg\" alt=\"\" class=\"wp-image-1221\" style=\"width:535px;height:auto\" srcset=\"https:\/\/www.alhelp.cz\/wp-content\/uploads\/2024\/02\/ALZA-logo.jpeg 844w, https:\/\/www.alhelp.cz\/wp-content\/uploads\/2024\/02\/ALZA-logo-300x101.jpeg 300w, https:\/\/www.alhelp.cz\/wp-content\/uploads\/2024\/02\/ALZA-logo-768x258.jpeg 768w\" sizes=\"auto, (max-width: 844px) 100vw, 844px\" \/><\/a><\/figure>\n\n\n\n<p>Proklikem na shora uveden\u00e9 logo budete m\u00edt ty nejlep\u0161\u00ed nab\u00eddky na ALZA a je\u0161t\u011b marketingov\u011b podpo\u0159\u00edte n\u00e1\u0161 spolek. Moc si tohoto partnerstv\u00ed v\u00e1\u017e\u00edme.<\/p>\n\n\n\n<p><a href=\"https:\/\/www.alza.cz\/?idp=20948&amp;banner_id=70884\">Alza.cz \u2013 rychl\u00fd a pohodln\u00fd n\u00e1kup odkudkoliv | Alza.cz<\/a><\/p>\n\n\n\n<figure class=\"wp-block-image size-full\"><a href=\"https:\/\/www.alhelp.cz\/wp-content\/uploads\/2024\/02\/Alza-Affiliate-APP-QR-1.2.2024.jpg\"><img loading=\"lazy\" decoding=\"async\" width=\"349\" height=\"427\" src=\"https:\/\/www.alhelp.cz\/wp-content\/uploads\/2024\/02\/Alza-Affiliate-APP-QR-1.2.2024.jpg\" alt=\"\" class=\"wp-image-1230\" srcset=\"https:\/\/www.alhelp.cz\/wp-content\/uploads\/2024\/02\/Alza-Affiliate-APP-QR-1.2.2024.jpg 349w, https:\/\/www.alhelp.cz\/wp-content\/uploads\/2024\/02\/Alza-Affiliate-APP-QR-1.2.2024-245x300.jpg 245w\" sizes=\"auto, (max-width: 349px) 100vw, 349px\" \/><\/a><\/figure>\n","protected":false},"excerpt":{"rendered":"<p>Proklikem na shora uveden\u00e9 logo budete m\u00edt ty nejlep\u0161\u00ed nab\u00eddky na ALZA a je\u0161t\u011b marketingov\u011b podpo\u0159\u00edte n\u00e1\u0161 spolek. Moc si tohoto partnerstv\u00ed v\u00e1\u017e\u00edme. Alza.cz \u2013 rychl\u00fd a pohodln\u00fd n\u00e1kup odkudkoliv | Alza.cz<\/p>\n","protected":false},"author":1,"featured_media":0,"parent":0,"menu_order":0,"comment_status":"closed","ping_status":"closed","template":"","meta":{"footnotes":""},"class_list":["post-1220","page","type-page","status-publish","hentry"],"_links":{"self":[{"href":"https:\/\/www.alhelp.cz\/index.php?rest_route=\/wp\/v2\/pages\/1220","targetHints":{"allow":["GET"]}}],"collection":[{"href":"https:\/\/www.alhelp.cz\/index.php?rest_route=\/wp\/v2\/pages"}],"about":[{"href":"https:\/\/www.alhelp.cz\/index.php?rest_route=\/wp\/v2\/types\/page"}],"author":[{"embeddable":true,"href":"https:\/\/www.alhelp.cz\/index.php?rest_route=\/wp\/v2\/users\/1"}],"replies":[{"embeddable":true,"href":"https:\/\/www.alhelp.cz\/index.php?rest_route=%2Fwp%2Fv2%2Fcomments&post=1220"}],"version-history":[{"count":3,"href":"https:\/\/www.alhelp.cz\/index.php?rest_route=\/wp\/v2\/pages\/1220\/revisions"}],"predecessor-version":[{"id":1232,"href":"https:\/\/www.alhelp.cz\/index.php?rest_route=\/wp\/v2\/pages\/1220\/revisions\/1232"}],"wp:attachment":[{"href":"https:\/\/www.alhelp.cz\/index.php?rest_route=%2Fwp%2Fv2%2Fmedia&parent=1220"}],"curies":[{"name":"wp","href":"https:\/\/api.w.org\/{rel}","templated":true}]}}