{"id":1303,"date":"2024-05-16T16:25:53","date_gmt":"2024-05-16T14:25:53","guid":{"rendered":"https:\/\/www.alhelp.cz\/?page_id=1303"},"modified":"2024-05-23T18:32:34","modified_gmt":"2024-05-23T16:32:34","slug":"ucetni-zaverky","status":"publish","type":"page","link":"https:\/\/www.alhelp.cz\/?page_id=1303","title":{"rendered":"\u00da\u010detn\u00ed z\u00e1v\u011brky"},"content":{"rendered":"\n<div data-wp-interactive=\"core\/file\" class=\"wp-block-file\"><object data-wp-bind--hidden=\"!state.hasPdfPreview\" hidden class=\"wp-block-file__embed\" data=\"https:\/\/www.alhelp.cz\/wp-content\/uploads\/2024\/05\/Alhelp-z.s.-ucetni-zaverka-2023.pdf\" type=\"application\/pdf\" style=\"width:100%;height:600px\" aria-label=\"Vlo\u017eit z Alhelp-z.s.-ucetni-zaverka-2023.\"><\/object><a id=\"wp-block-file--media-2fa3799e-8057-4713-9a6a-c1c7594a00df\" href=\"https:\/\/www.alhelp.cz\/wp-content\/uploads\/2024\/05\/Alhelp-z.s.-ucetni-zaverka-2023.pdf\">Alhelp-z.s.-ucetni-zaverka-2023<\/a><a href=\"https:\/\/www.alhelp.cz\/wp-content\/uploads\/2024\/05\/Alhelp-z.s.-ucetni-zaverka-2023.pdf\" class=\"wp-block-file__button wp-element-button\" download aria-describedby=\"wp-block-file--media-2fa3799e-8057-4713-9a6a-c1c7594a00df\">St\u00e1hnout<\/a><\/div>\n\n\n\n<div data-wp-interactive=\"core\/file\" class=\"wp-block-file\"><object data-wp-bind--hidden=\"!state.hasPdfPreview\" hidden class=\"wp-block-file__embed\" data=\"https:\/\/www.alhelp.cz\/wp-content\/uploads\/2024\/05\/Priloha-k-ucetni-zaverce-ALHELP-2023.pdf\" type=\"application\/pdf\" style=\"width:100%;height:600px\" aria-label=\"Vlo\u017eit z Priloha-k-ucetni-zaverce-ALHELP-2023.\"><\/object><a id=\"wp-block-file--media-6a70d8ee-0afb-416e-8fc8-2159ac731c52\" href=\"https:\/\/www.alhelp.cz\/wp-content\/uploads\/2024\/05\/Priloha-k-ucetni-zaverce-ALHELP-2023.pdf\">Priloha-k-ucetni-zaverce-ALHELP-2023<\/a><a href=\"https:\/\/www.alhelp.cz\/wp-content\/uploads\/2024\/05\/Priloha-k-ucetni-zaverce-ALHELP-2023.pdf\" class=\"wp-block-file__button wp-element-button\" download aria-describedby=\"wp-block-file--media-6a70d8ee-0afb-416e-8fc8-2159ac731c52\">St\u00e1hnout<\/a><\/div>\n\n\n\n<div data-wp-interactive=\"core\/file\" class=\"wp-block-file\"><object data-wp-bind--hidden=\"!state.hasPdfPreview\" hidden class=\"wp-block-file__embed\" data=\"https:\/\/www.alhelp.cz\/wp-content\/uploads\/2024\/05\/Alhelp-z.s.-ucetni-zaverka-2022.pdf\" type=\"application\/pdf\" style=\"width:100%;height:600px\" aria-label=\"Vlo\u017eit z Alhelp-z.s.-ucetni-zaverka-2022.\"><\/object><a id=\"wp-block-file--media-c0284ef4-35ca-4e27-a35e-84a7245400e9\" href=\"https:\/\/www.alhelp.cz\/wp-content\/uploads\/2024\/05\/Alhelp-z.s.-ucetni-zaverka-2022.pdf\">Alhelp-z.s.-ucetni-zaverka-2022<\/a><a href=\"https:\/\/www.alhelp.cz\/wp-content\/uploads\/2024\/05\/Alhelp-z.s.-ucetni-zaverka-2022.pdf\" class=\"wp-block-file__button wp-element-button\" download aria-describedby=\"wp-block-file--media-c0284ef4-35ca-4e27-a35e-84a7245400e9\">St\u00e1hnout<\/a><\/div>\n\n\n\n<div data-wp-interactive=\"core\/file\" class=\"wp-block-file\"><object data-wp-bind--hidden=\"!state.hasPdfPreview\" hidden class=\"wp-block-file__embed\" data=\"https:\/\/www.alhelp.cz\/wp-content\/uploads\/2024\/05\/Priloha-k-ucetni-zaverce-ALHELP-2022.pdf\" type=\"application\/pdf\" style=\"width:100%;height:600px\" aria-label=\"Vlo\u017eit z Priloha-k-ucetni-zaverce-ALHELP-2022.\"><\/object><a id=\"wp-block-file--media-515c8901-7770-4310-801a-0097e2872542\" href=\"https:\/\/www.alhelp.cz\/wp-content\/uploads\/2024\/05\/Priloha-k-ucetni-zaverce-ALHELP-2022.pdf\">Priloha-k-ucetni-zaverce-ALHELP-2022<\/a><a href=\"https:\/\/www.alhelp.cz\/wp-content\/uploads\/2024\/05\/Priloha-k-ucetni-zaverce-ALHELP-2022.pdf\" class=\"wp-block-file__button wp-element-button\" download aria-describedby=\"wp-block-file--media-515c8901-7770-4310-801a-0097e2872542\">St\u00e1hnout<\/a><\/div>\n\n\n\n<div data-wp-interactive=\"core\/file\" class=\"wp-block-file\"><object data-wp-bind--hidden=\"!state.hasPdfPreview\" hidden class=\"wp-block-file__embed\" data=\"https:\/\/www.alhelp.cz\/wp-content\/uploads\/2024\/05\/Alhelp-z.s.-ucetni-zaverka-2021.pdf\" type=\"application\/pdf\" style=\"width:100%;height:600px\" aria-label=\"Vlo\u017eit z Alhelp-z.s.-ucetni-zaverka-2021.\"><\/object><a id=\"wp-block-file--media-1a380034-32da-41af-b22e-49d9288a88ef\" href=\"https:\/\/www.alhelp.cz\/wp-content\/uploads\/2024\/05\/Alhelp-z.s.-ucetni-zaverka-2021.pdf\">Alhelp-z.s.-ucetni-zaverka-2021<\/a><a href=\"https:\/\/www.alhelp.cz\/wp-content\/uploads\/2024\/05\/Alhelp-z.s.-ucetni-zaverka-2021.pdf\" class=\"wp-block-file__button wp-element-button\" download aria-describedby=\"wp-block-file--media-1a380034-32da-41af-b22e-49d9288a88ef\">St\u00e1hnout<\/a><\/div>\n\n\n\n<div data-wp-interactive=\"core\/file\" class=\"wp-block-file\"><object data-wp-bind--hidden=\"!state.hasPdfPreview\" hidden class=\"wp-block-file__embed\" data=\"https:\/\/www.alhelp.cz\/wp-content\/uploads\/2024\/05\/Alhelp-z.s.-ucetni-zaverka-2020.pdf\" type=\"application\/pdf\" style=\"width:100%;height:600px\" aria-label=\"Vlo\u017eit z Alhelp-z.s.-ucetni-zaverka-2020.\"><\/object><a id=\"wp-block-file--media-eb872cb8-d229-44ba-b9a9-91971a39d61a\" href=\"https:\/\/www.alhelp.cz\/wp-content\/uploads\/2024\/05\/Alhelp-z.s.-ucetni-zaverka-2020.pdf\">Alhelp-z.s.-ucetni-zaverka-2020<\/a><a href=\"https:\/\/www.alhelp.cz\/wp-content\/uploads\/2024\/05\/Alhelp-z.s.-ucetni-zaverka-2020.pdf\" class=\"wp-block-file__button wp-element-button\" download aria-describedby=\"wp-block-file--media-eb872cb8-d229-44ba-b9a9-91971a39d61a\">St\u00e1hnout<\/a><\/div>\n\n\n\n<div data-wp-interactive=\"core\/file\" class=\"wp-block-file\"><object data-wp-bind--hidden=\"!state.hasPdfPreview\" hidden class=\"wp-block-file__embed\" data=\"https:\/\/www.alhelp.cz\/wp-content\/uploads\/2024\/05\/Alhelp-z.s.-ucetni-zaverka-2019.pdf\" type=\"application\/pdf\" style=\"width:100%;height:600px\" aria-label=\"Vlo\u017eit z Alhelp-z.s.-ucetni-zaverka-2019.\"><\/object><a id=\"wp-block-file--media-af9a5a11-a638-478d-a35d-8520a5f428c5\" href=\"https:\/\/www.alhelp.cz\/wp-content\/uploads\/2024\/05\/Alhelp-z.s.-ucetni-zaverka-2019.pdf\">Alhelp-z.s.-ucetni-zaverka-2019<\/a><a href=\"https:\/\/www.alhelp.cz\/wp-content\/uploads\/2024\/05\/Alhelp-z.s.-ucetni-zaverka-2019.pdf\" class=\"wp-block-file__button wp-element-button\" download aria-describedby=\"wp-block-file--media-af9a5a11-a638-478d-a35d-8520a5f428c5\">St\u00e1hnout<\/a><\/div>\n\n\n\n<div data-wp-interactive=\"core\/file\" class=\"wp-block-file\"><object data-wp-bind--hidden=\"!state.hasPdfPreview\" hidden class=\"wp-block-file__embed\" data=\"https:\/\/www.alhelp.cz\/wp-content\/uploads\/2024\/05\/Alhelp-z.s.-ucetni-zaverka-2018.pdf\" type=\"application\/pdf\" style=\"width:100%;height:600px\" aria-label=\"Vlo\u017eit z Alhelp-z.s.-ucetni-zaverka-2018.\"><\/object><a id=\"wp-block-file--media-2a302b84-d185-4e3a-9530-e5020c970a66\" href=\"https:\/\/www.alhelp.cz\/wp-content\/uploads\/2024\/05\/Alhelp-z.s.-ucetni-zaverka-2018.pdf\">Alhelp-z.s.-ucetni-zaverka-2018<\/a><a href=\"https:\/\/www.alhelp.cz\/wp-content\/uploads\/2024\/05\/Alhelp-z.s.-ucetni-zaverka-2018.pdf\" class=\"wp-block-file__button wp-element-button\" download aria-describedby=\"wp-block-file--media-2a302b84-d185-4e3a-9530-e5020c970a66\">St\u00e1hnout<\/a><\/div>\n\n\n\n<div data-wp-interactive=\"core\/file\" class=\"wp-block-file\"><object data-wp-bind--hidden=\"!state.hasPdfPreview\" hidden class=\"wp-block-file__embed\" data=\"https:\/\/www.alhelp.cz\/wp-content\/uploads\/2024\/05\/Alhelp-z.s.-ucetni-zaverka-2017.pdf\" type=\"application\/pdf\" style=\"width:100%;height:600px\" aria-label=\"Vlo\u017eit z Alhelp-z.s.-ucetni-zaverka-2017.\"><\/object><a id=\"wp-block-file--media-048c6e06-4bbb-4ccd-91f3-e14be22a1a8d\" href=\"https:\/\/www.alhelp.cz\/wp-content\/uploads\/2024\/05\/Alhelp-z.s.-ucetni-zaverka-2017.pdf\">Alhelp-z.s.-ucetni-zaverka-2017<\/a><a href=\"https:\/\/www.alhelp.cz\/wp-content\/uploads\/2024\/05\/Alhelp-z.s.-ucetni-zaverka-2017.pdf\" class=\"wp-block-file__button wp-element-button\" download aria-describedby=\"wp-block-file--media-048c6e06-4bbb-4ccd-91f3-e14be22a1a8d\">St\u00e1hnout<\/a><\/div>\n\n\n\n<div data-wp-interactive=\"core\/file\" class=\"wp-block-file\"><object data-wp-bind--hidden=\"!state.hasPdfPreview\" hidden class=\"wp-block-file__embed\" data=\"https:\/\/www.alhelp.cz\/wp-content\/uploads\/2024\/05\/Alhelp-z.s.-ucetni-zaverka-2016.pdf\" type=\"application\/pdf\" style=\"width:100%;height:600px\" aria-label=\"Vlo\u017eit z Alhelp-z.s.-ucetni-zaverka-2016.\"><\/object><a id=\"wp-block-file--media-e9dc13ee-ead2-4016-9d0a-d9897798b470\" href=\"https:\/\/www.alhelp.cz\/wp-content\/uploads\/2024\/05\/Alhelp-z.s.-ucetni-zaverka-2016.pdf\">Alhelp-z.s.-ucetni-zaverka-2016<\/a><a href=\"https:\/\/www.alhelp.cz\/wp-content\/uploads\/2024\/05\/Alhelp-z.s.-ucetni-zaverka-2016.pdf\" class=\"wp-block-file__button wp-element-button\" download aria-describedby=\"wp-block-file--media-e9dc13ee-ead2-4016-9d0a-d9897798b470\">St\u00e1hnout<\/a><\/div>\n\n\n\n<div data-wp-interactive=\"core\/file\" class=\"wp-block-file\"><object data-wp-bind--hidden=\"!state.hasPdfPreview\" hidden class=\"wp-block-file__embed\" data=\"https:\/\/www.alhelp.cz\/wp-content\/uploads\/2024\/05\/Alhelp-z.s.-ucetni-zaverka-2015.pdf\" type=\"application\/pdf\" style=\"width:100%;height:600px\" aria-label=\"Vlo\u017eit z Alhelp-z.s.-ucetni-zaverka-2015.\"><\/object><a id=\"wp-block-file--media-fa3c0871-e143-4c83-914a-480f6e772e36\" href=\"https:\/\/www.alhelp.cz\/wp-content\/uploads\/2024\/05\/Alhelp-z.s.-ucetni-zaverka-2015.pdf\">Alhelp-z.s.-ucetni-zaverka-2015<\/a><a href=\"https:\/\/www.alhelp.cz\/wp-content\/uploads\/2024\/05\/Alhelp-z.s.-ucetni-zaverka-2015.pdf\" class=\"wp-block-file__button wp-element-button\" download aria-describedby=\"wp-block-file--media-fa3c0871-e143-4c83-914a-480f6e772e36\">St\u00e1hnout<\/a><\/div>\n\n\n\n<div data-wp-interactive=\"core\/file\" class=\"wp-block-file\"><object data-wp-bind--hidden=\"!state.hasPdfPreview\" hidden class=\"wp-block-file__embed\" data=\"https:\/\/www.alhelp.cz\/wp-content\/uploads\/2024\/05\/Alhelp-z.s.-ucetni-zaverka-2014.pdf\" type=\"application\/pdf\" style=\"width:100%;height:600px\" aria-label=\"Vlo\u017eit z Alhelp-z.s.-ucetni-zaverka-2014.\"><\/object><a id=\"wp-block-file--media-7b5c1b62-5a31-4f1c-8a66-ff32db8623c2\" href=\"https:\/\/www.alhelp.cz\/wp-content\/uploads\/2024\/05\/Alhelp-z.s.-ucetni-zaverka-2014.pdf\">Alhelp-z.s.-ucetni-zaverka-2014<\/a><a href=\"https:\/\/www.alhelp.cz\/wp-content\/uploads\/2024\/05\/Alhelp-z.s.-ucetni-zaverka-2014.pdf\" class=\"wp-block-file__button wp-element-button\" download aria-describedby=\"wp-block-file--media-7b5c1b62-5a31-4f1c-8a66-ff32db8623c2\">St\u00e1hnout<\/a><\/div>\n","protected":false},"excerpt":{"rendered":"","protected":false},"author":1,"featured_media":0,"parent":24,"menu_order":0,"comment_status":"closed","ping_status":"closed","template":"","meta":{"footnotes":""},"class_list":["post-1303","page","type-page","status-publish","hentry"],"_links":{"self":[{"href":"https:\/\/www.alhelp.cz\/index.php?rest_route=\/wp\/v2\/pages\/1303","targetHints":{"allow":["GET"]}}],"collection":[{"href":"https:\/\/www.alhelp.cz\/index.php?rest_route=\/wp\/v2\/pages"}],"about":[{"href":"https:\/\/www.alhelp.cz\/index.php?rest_route=\/wp\/v2\/types\/page"}],"author":[{"embeddable":true,"href":"https:\/\/www.alhelp.cz\/index.php?rest_route=\/wp\/v2\/users\/1"}],"replies":[{"embeddable":true,"href":"https:\/\/www.alhelp.cz\/index.php?rest_route=%2Fwp%2Fv2%2Fcomments&post=1303"}],"version-history":[{"count":4,"href":"https:\/\/www.alhelp.cz\/index.php?rest_route=\/wp\/v2\/pages\/1303\/revisions"}],"predecessor-version":[{"id":1340,"href":"https:\/\/www.alhelp.cz\/index.php?rest_route=\/wp\/v2\/pages\/1303\/revisions\/1340"}],"up":[{"embeddable":true,"href":"https:\/\/www.alhelp.cz\/index.php?rest_route=\/wp\/v2\/pages\/24"}],"wp:attachment":[{"href":"https:\/\/www.alhelp.cz\/index.php?rest_route=%2Fwp%2Fv2%2Fmedia&parent=1303"}],"curies":[{"name":"wp","href":"https:\/\/api.w.org\/{rel}","templated":true}]}}