{"id":132,"date":"2018-02-03T14:21:57","date_gmt":"2018-02-03T13:21:57","guid":{"rendered":"http:\/\/www.alhelp.cz\/?page_id=132"},"modified":"2025-01-25T08:56:40","modified_gmt":"2025-01-25T07:56:40","slug":"darovaci-smlouvy","status":"publish","type":"page","link":"https:\/\/www.alhelp.cz\/?page_id=132","title":{"rendered":"Darovac\u00ed smlouvy"},"content":{"rendered":"<p><a href=\"https:\/\/www.alhelp.cz\/wp-content\/uploads\/2018\/02\/D\u011bkujeme-logo.png\"><img loading=\"lazy\" decoding=\"async\" class=\"alignnone size-medium wp-image-137\" src=\"https:\/\/www.alhelp.cz\/wp-content\/uploads\/2018\/02\/D\u011bkujeme-logo-300x169.png\" alt=\"\" width=\"300\" height=\"169\" srcset=\"https:\/\/www.alhelp.cz\/wp-content\/uploads\/2018\/02\/D\u011bkujeme-logo-300x169.png 300w, https:\/\/www.alhelp.cz\/wp-content\/uploads\/2018\/02\/D\u011bkujeme-logo.png 320w\" sizes=\"auto, (max-width: 300px) 100vw, 300px\" \/><\/a><\/p>\n\n\n<div class=\"wp-block-file\"><a id=\"wp-block-file--media-49b71c06-cff1-4fc8-98e6-722e02d86dd5\" href=\"https:\/\/www.alhelp.cz\/wp-content\/uploads\/2025\/01\/Darovaci-smlouva-ALHELP-pravidelna-vzor-2025.docx\">Darovac\u00ed smlouva ALHELP pravideln\u00e1 &#8211; vzor 2025<\/a><a href=\"https:\/\/www.alhelp.cz\/wp-content\/uploads\/2025\/01\/Darovaci-smlouva-ALHELP-pravidelna-vzor-2025.docx\" class=\"wp-block-file__button wp-element-button\" download aria-describedby=\"wp-block-file--media-49b71c06-cff1-4fc8-98e6-722e02d86dd5\">St\u00e1hnout<\/a><\/div>\n\n\n\n<div class=\"wp-block-file\"><a id=\"wp-block-file--media-15678083-fd13-4b49-a9d8-4311b2518ef9\" href=\"https:\/\/www.alhelp.cz\/wp-content\/uploads\/2025\/01\/Darovaci-smlouva-ALHELP-jednorazova-vzor-2025.docx\">Darovac\u00ed smlouva ALHELP jednor\u00e1zov\u00e1 &#8211; vzor 2025<\/a><a href=\"https:\/\/www.alhelp.cz\/wp-content\/uploads\/2025\/01\/Darovaci-smlouva-ALHELP-jednorazova-vzor-2025.docx\" class=\"wp-block-file__button wp-element-button\" download aria-describedby=\"wp-block-file--media-15678083-fd13-4b49-a9d8-4311b2518ef9\">St\u00e1hnout<\/a><\/div>\n","protected":false},"excerpt":{"rendered":"","protected":false},"author":1,"featured_media":0,"parent":24,"menu_order":0,"comment_status":"closed","ping_status":"closed","template":"","meta":{"footnotes":""},"class_list":["post-132","page","type-page","status-publish","hentry"],"_links":{"self":[{"href":"https:\/\/www.alhelp.cz\/index.php?rest_route=\/wp\/v2\/pages\/132","targetHints":{"allow":["GET"]}}],"collection":[{"href":"https:\/\/www.alhelp.cz\/index.php?rest_route=\/wp\/v2\/pages"}],"about":[{"href":"https:\/\/www.alhelp.cz\/index.php?rest_route=\/wp\/v2\/types\/page"}],"author":[{"embeddable":true,"href":"https:\/\/www.alhelp.cz\/index.php?rest_route=\/wp\/v2\/users\/1"}],"replies":[{"embeddable":true,"href":"https:\/\/www.alhelp.cz\/index.php?rest_route=%2Fwp%2Fv2%2Fcomments&post=132"}],"version-history":[{"count":5,"href":"https:\/\/www.alhelp.cz\/index.php?rest_route=\/wp\/v2\/pages\/132\/revisions"}],"predecessor-version":[{"id":1411,"href":"https:\/\/www.alhelp.cz\/index.php?rest_route=\/wp\/v2\/pages\/132\/revisions\/1411"}],"up":[{"embeddable":true,"href":"https:\/\/www.alhelp.cz\/index.php?rest_route=\/wp\/v2\/pages\/24"}],"wp:attachment":[{"href":"https:\/\/www.alhelp.cz\/index.php?rest_route=%2Fwp%2Fv2%2Fmedia&parent=132"}],"curies":[{"name":"wp","href":"https:\/\/api.w.org\/{rel}","templated":true}]}}