{"id":1570,"date":"2026-04-14T18:21:49","date_gmt":"2026-04-14T16:21:49","guid":{"rendered":"https:\/\/www.alhelp.cz\/?page_id=1570"},"modified":"2026-04-14T18:21:49","modified_gmt":"2026-04-14T16:21:49","slug":"lr-zdravi","status":"publish","type":"page","link":"https:\/\/www.alhelp.cz\/?page_id=1570","title":{"rendered":"LR zdrav\u00ed"},"content":{"rendered":"\n<figure class=\"wp-block-image size-full\"><a href=\"https:\/\/www.alhelp.cz\/wp-content\/uploads\/2026\/04\/LR-Logo-Silver-01.png\"><img loading=\"lazy\" decoding=\"async\" width=\"150\" height=\"149\" src=\"https:\/\/www.alhelp.cz\/wp-content\/uploads\/2026\/04\/LR-Logo-Silver-01.png\" alt=\"\" class=\"wp-image-1571\"\/><\/a><\/figure>\n\n\n\n<figure class=\"wp-block-image size-full\"><a href=\"https:\/\/www.alhelp.cz\/wp-content\/uploads\/2026\/04\/Zdravi-kazdy-den-LR-homepage-Health-mission_cz.jpg\"><img loading=\"lazy\" decoding=\"async\" width=\"910\" height=\"584\" src=\"https:\/\/www.alhelp.cz\/wp-content\/uploads\/2026\/04\/Zdravi-kazdy-den-LR-homepage-Health-mission_cz.jpg\" alt=\"\" class=\"wp-image-1572\" srcset=\"https:\/\/www.alhelp.cz\/wp-content\/uploads\/2026\/04\/Zdravi-kazdy-den-LR-homepage-Health-mission_cz.jpg 910w, https:\/\/www.alhelp.cz\/wp-content\/uploads\/2026\/04\/Zdravi-kazdy-den-LR-homepage-Health-mission_cz-300x193.jpg 300w, https:\/\/www.alhelp.cz\/wp-content\/uploads\/2026\/04\/Zdravi-kazdy-den-LR-homepage-Health-mission_cz-768x493.jpg 768w\" sizes=\"auto, (max-width: 910px) 100vw, 910px\" \/><\/a><\/figure>\n\n\n\n<p>Pro na\u0161e \u010dleny a partnery zaj\u00edmav\u00e9 slevy, nebo mo\u017enost nav\u00e1z\u00e1n\u00ed spolupr\u00e1ce. V p\u0159\u00edpad\u011b z\u00e1jmu za\u0161lete dotaz na e-mail: alhelp@alhelp.cz .<\/p>\n\n\n\n<p><strong>Prodlou\u017e\u00edme lidem v\u00a0\u010cesku dobu pro\u017eitou ve zdrav\u00ed o\u00a05 let.<\/strong><\/p>\n\n\n\n<p><\/p>\n","protected":false},"excerpt":{"rendered":"<p>Pro na\u0161e \u010dleny a partnery zaj\u00edmav\u00e9 slevy, nebo mo\u017enost nav\u00e1z\u00e1n\u00ed spolupr\u00e1ce. V p\u0159\u00edpad\u011b z\u00e1jmu za\u0161lete dotaz na e-mail: alhelp@alhelp.cz . Prodlou\u017e\u00edme lidem v\u00a0\u010cesku dobu pro\u017eitou ve zdrav\u00ed o\u00a05 let.<\/p>\n","protected":false},"author":1,"featured_media":0,"parent":0,"menu_order":0,"comment_status":"closed","ping_status":"closed","template":"","meta":{"footnotes":""},"class_list":["post-1570","page","type-page","status-publish","hentry"],"_links":{"self":[{"href":"https:\/\/www.alhelp.cz\/index.php?rest_route=\/wp\/v2\/pages\/1570","targetHints":{"allow":["GET"]}}],"collection":[{"href":"https:\/\/www.alhelp.cz\/index.php?rest_route=\/wp\/v2\/pages"}],"about":[{"href":"https:\/\/www.alhelp.cz\/index.php?rest_route=\/wp\/v2\/types\/page"}],"author":[{"embeddable":true,"href":"https:\/\/www.alhelp.cz\/index.php?rest_route=\/wp\/v2\/users\/1"}],"replies":[{"embeddable":true,"href":"https:\/\/www.alhelp.cz\/index.php?rest_route=%2Fwp%2Fv2%2Fcomments&post=1570"}],"version-history":[{"count":1,"href":"https:\/\/www.alhelp.cz\/index.php?rest_route=\/wp\/v2\/pages\/1570\/revisions"}],"predecessor-version":[{"id":1573,"href":"https:\/\/www.alhelp.cz\/index.php?rest_route=\/wp\/v2\/pages\/1570\/revisions\/1573"}],"wp:attachment":[{"href":"https:\/\/www.alhelp.cz\/index.php?rest_route=%2Fwp%2Fv2%2Fmedia&parent=1570"}],"curies":[{"name":"wp","href":"https:\/\/api.w.org\/{rel}","templated":true}]}}