{"id":164,"date":"2018-02-22T17:07:04","date_gmt":"2018-02-22T16:07:04","guid":{"rendered":"http:\/\/www.alhelp.cz\/?page_id=164"},"modified":"2018-02-22T17:22:38","modified_gmt":"2018-02-22T16:22:38","slug":"uprava-vozidel","status":"publish","type":"page","link":"https:\/\/www.alhelp.cz\/?page_id=164","title":{"rendered":"\u00daprava vozidel"},"content":{"rendered":"<p style=\"text-align: left;\">P\u0159ehled firem v \u010cR, kter\u00e9 se zab\u00fdvaj\u00ed bezbari\u00e9rovou \u00faprav<a href=\"https:\/\/www.alhelp.cz\/wp-content\/uploads\/2018\/02\/Ru\u010dn\u00ed-ovl\u00e1d\u00e1n\u00ed-automobilu.jpg\"><img loading=\"lazy\" decoding=\"async\" class=\"wp-image-166 alignright\" src=\"https:\/\/www.alhelp.cz\/wp-content\/uploads\/2018\/02\/Ru\u010dn\u00ed-ovl\u00e1d\u00e1n\u00ed-automobilu-300x230.jpg\" alt=\"\" width=\"187\" height=\"144\" srcset=\"https:\/\/www.alhelp.cz\/wp-content\/uploads\/2018\/02\/Ru\u010dn\u00ed-ovl\u00e1d\u00e1n\u00ed-automobilu-300x230.jpg 300w, https:\/\/www.alhelp.cz\/wp-content\/uploads\/2018\/02\/Ru\u010dn\u00ed-ovl\u00e1d\u00e1n\u00ed-automobilu.jpg 400w\" sizes=\"auto, (max-width: 187px) 100vw, 187px\" \/><\/a>ou osobn\u00edch vozidel a mont\u00e1\u017e\u00ed ru\u010dn\u00edho ovl\u00e1d\u00e1n\u00ed:<\/p>\n<p>IROA &#8211; HDC, Praha, http:\/\/www.iroa.cz\/o-firme<br \/>\nHurt s.r.o., T\u00fdnec nad Labem, http:\/\/www.rucniovladani.cz\/kontakt<br \/>\nJP Servis, Plze\u0148 http:\/\/www.jpservis.eu\/home<br \/>\nJen\u010dovsk\u00fd, Plze\u0148, http:\/\/www.jenca.cz\/<br \/>\nMeta Plze\u0148, http:\/\/www.metaplzen.cz\/<br \/>\nAPI CZ s.r.o., T\u00e1bor, http:\/\/www.apicz.com\/<br \/>\nCanoCar, Brno, http:\/\/www.canocar.cz\/upravy-pro-ztp<br \/>\nInvacar s.r.o., Katovice, http:\/\/www.invacar.com\/cz\/ \u2013 ned\u011blaj\u00ed ru\u010dn\u00ed \u0159\u00edzen\u00ed, pouze \u00fapravy pro p\u0159esed\u00e1n\u00ed do auta, plo\u0161iny, nakl\u00e1d\u00e1n\u00ed voz\u00edku atd.<br \/>\nTH motors &#8211; Tom\u00e1\u0161 Hor\u00e1k, Kostelec nad \u010cern\u00fdmi lesy, http:\/\/www.rucnirizeni.cz<br \/>\nPROTEC METAL, s.r.o., Strakonice I www.protec-metal.cz<br \/>\nLUDV\u00cdK ALE\u0160, s.r.o., Hodo\u0148ovice 221 www.upravyvozidel.cz<br \/>\nElbee Mobility s.r.o., Moravi\u010dany, Lo\u0161tice http:\/\/www.elbeemobility.com\/cs\/kontakt Elbee je osobn\u00ed bezbari\u00e9rov\u00e9 vozidlo uzp\u016fsoben\u00e9 i j\u00edzd\u011b po d\u00e1lnici a mo\u017enosti z\u00edskat opr\u00e1vn\u011bn\u00ed k j\u00edzd\u011b ji\u017e od 17 let.<\/p>\n<p><span style=\"background-color: transparent;\">\u00a0<\/span><\/p>\n","protected":false},"excerpt":{"rendered":"<p>P\u0159ehled firem v \u010cR, kter\u00e9 se zab\u00fdvaj\u00ed bezbari\u00e9rovou \u00fapravou osobn\u00edch vozidel a mont\u00e1\u017e\u00ed ru\u010dn\u00edho ovl\u00e1d\u00e1n\u00ed: IROA &#8211; HDC, Praha, http:\/\/www.iroa.cz\/o-firme Hurt s.r.o., T\u00fdnec nad Labem, http:\/\/www.rucniovladani.cz\/kontakt JP Servis, Plze\u0148 http:\/\/www.jpservis.eu\/home Jen\u010dovsk\u00fd, Plze\u0148, http:\/\/www.jenca.cz\/ Meta Plze\u0148, http:\/\/www.metaplzen.cz\/ API CZ s.r.o., T\u00e1bor, http:\/\/www.apicz.com\/ CanoCar, Brno, http:\/\/www.canocar.cz\/upravy-pro-ztp Invacar s.r.o., Katovice, http:\/\/www.invacar.com\/cz\/ \u2013 ned\u011blaj\u00ed ru\u010dn\u00ed \u0159\u00edzen\u00ed, pouze \u00fapravy pro &hellip; <a href=\"https:\/\/www.alhelp.cz\/?page_id=164\" class=\"more-link\">Pokra\u010dov\u00e1n\u00ed textu <span class=\"screen-reader-text\">\u00daprava vozidel<\/span> <span class=\"meta-nav\">&rarr;<\/span><\/a><\/p>\n","protected":false},"author":1,"featured_media":0,"parent":24,"menu_order":0,"comment_status":"closed","ping_status":"closed","template":"","meta":{"footnotes":""},"class_list":["post-164","page","type-page","status-publish","hentry"],"_links":{"self":[{"href":"https:\/\/www.alhelp.cz\/index.php?rest_route=\/wp\/v2\/pages\/164","targetHints":{"allow":["GET"]}}],"collection":[{"href":"https:\/\/www.alhelp.cz\/index.php?rest_route=\/wp\/v2\/pages"}],"about":[{"href":"https:\/\/www.alhelp.cz\/index.php?rest_route=\/wp\/v2\/types\/page"}],"author":[{"embeddable":true,"href":"https:\/\/www.alhelp.cz\/index.php?rest_route=\/wp\/v2\/users\/1"}],"replies":[{"embeddable":true,"href":"https:\/\/www.alhelp.cz\/index.php?rest_route=%2Fwp%2Fv2%2Fcomments&post=164"}],"version-history":[{"count":4,"href":"https:\/\/www.alhelp.cz\/index.php?rest_route=\/wp\/v2\/pages\/164\/revisions"}],"predecessor-version":[{"id":169,"href":"https:\/\/www.alhelp.cz\/index.php?rest_route=\/wp\/v2\/pages\/164\/revisions\/169"}],"up":[{"embeddable":true,"href":"https:\/\/www.alhelp.cz\/index.php?rest_route=\/wp\/v2\/pages\/24"}],"wp:attachment":[{"href":"https:\/\/www.alhelp.cz\/index.php?rest_route=%2Fwp%2Fv2%2Fmedia&parent=164"}],"curies":[{"name":"wp","href":"https:\/\/api.w.org\/{rel}","templated":true}]}}