{"id":190,"date":"2018-06-24T17:04:35","date_gmt":"2018-06-24T15:04:35","guid":{"rendered":"http:\/\/www.alhelp.cz\/?page_id=190"},"modified":"2018-06-24T17:04:35","modified_gmt":"2018-06-24T15:04:35","slug":"hendikepovani-rybari","status":"publish","type":"page","link":"https:\/\/www.alhelp.cz\/?page_id=190","title":{"rendered":"Hendikepovan\u00ed ryb\u00e1\u0159i"},"content":{"rendered":"<p><a href=\"https:\/\/www.alhelp.cz\/wp-content\/uploads\/2017\/06\/M\u00edsto-pro-handicapovan\u00e9-ryb\u00e1\u0159e-ALHELP.png\"><img loading=\"lazy\" decoding=\"async\" class=\"alignnone size-medium wp-image-63\" src=\"https:\/\/www.alhelp.cz\/wp-content\/uploads\/2017\/06\/M\u00edsto-pro-handicapovan\u00e9-ryb\u00e1\u0159e-ALHELP-235x300.png\" alt=\"\" width=\"235\" height=\"300\" srcset=\"https:\/\/www.alhelp.cz\/wp-content\/uploads\/2017\/06\/M\u00edsto-pro-handicapovan\u00e9-ryb\u00e1\u0159e-ALHELP-235x300.png 235w, https:\/\/www.alhelp.cz\/wp-content\/uploads\/2017\/06\/M\u00edsto-pro-handicapovan\u00e9-ryb\u00e1\u0159e-ALHELP.png 560w\" sizes=\"auto, (max-width: 235px) 100vw, 235px\" \/><\/a><\/p>\n<p>Takto vyzna\u010den\u00e9 m\u00edsto nen\u00ed handicapovan\u00fdm ryb\u00e1\u0159\u016fm vyhrazeno. Vyjad\u0159uje pouze skute\u010dnost, \u017ee se jedn\u00e1 o m\u00edsto vhodn\u00e9 pro rybolov provozovan\u00fd t\u011blesn\u011b posti\u017een\u00fdmi osobami. P\u0159ijde-li tedy nap\u0159. ryb\u00e1\u0159 na voz\u00ed\u010dku na takto ozna\u010den\u00e9 m\u00edsto a toto m\u00edsto bude ji\u017e obsazen\u00e9 jin\u00fdm ryb\u00e1\u0159em, m\u016f\u017ee tohoto ryb\u00e1\u0159e pouze po\u017e\u00e1dat o uvoln\u011bn\u00ed m\u00edsta (v r\u00e1mci slu\u0161nosti). Uvoln\u011bn\u00ed m\u00edsta se v \u017e\u00e1dn\u00e9m p\u0159\u00edpad\u011b nelze do\u017eadovat s odvol\u00e1n\u00edm na ozna\u010den\u00ed m\u00edsta v soupisu rev\u00edr\u016f, na webov\u00fdch str\u00e1nk\u00e1ch \u010di zna\u010dkou. Toto ozna\u010den\u00ed m\u00e1 pouze informativn\u00ed charakter a upozor\u0148uje na dobr\u00e9 mo\u017enosti p\u0159\u00edjezdu, parkov\u00e1n\u00ed a lovu ryb pro osoby s t\u011blesn\u00fdm posti\u017een\u00edm.<br \/>\nM\u00edsto vhodn\u00e9 pro t\u011blesn\u011b posti\u017een\u00e9 ryb\u00e1\u0159e bude pro snadn\u011bj\u0161\u00ed vyhled\u00e1n\u00ed a ur\u010den\u00ed v ter\u00e9nu ozna\u010deno zna\u010dkou se symbolem voz\u00ed\u010dk\u00e1\u0159e a textem \u201eM\u00cdSTO VHODN\u00c9 PRO HANDICAPOVAN\u00c9 RYB\u00c1\u0158E\u201c.<br \/>\nM\u00edsto vhodn\u00e9 pro handicapovan\u00e9 ryb\u00e1\u0159e by m\u011blo spl\u0148ovat n\u00e1sleduj\u00edc\u00ed po\u017eadavky:<br \/>\n\u2981 p\u0159\u00edjezdov\u00e1 komunikace,<br \/>\n\u2981 m\u00edsto pro parkov\u00e1n\u00ed vozidla,<br \/>\n\u2981 dobr\u00fd p\u0159\u00edjezd k vod\u011b na voz\u00ed\u010dku (stabilizovan\u00e1 p\u0159\u00edjezdov\u00e1 trasa \u2013 bez bahna, p\u00edsku, v\u011bt\u0161\u00edch v\u00fdmol\u016f, ter\u00e9nn\u00edch p\u0159ek\u00e1\u017eek a jin\u00fdch komplikac\u00ed),<br \/>\n\u2981 mo\u017enost zaparkov\u00e1n\u00ed (zabrzd\u011bn\u00ed) voz\u00ed\u010dku na vhodn\u00e9m m\u00edst\u011b na b\u0159ehu (rovina),<br \/>\n\u2981 mo\u017enost zdol\u00e1n\u00ed a vyloven\u00ed ryby pomoc\u00ed b\u011b\u017en\u00e9ho podb\u011br\u00e1ku bez asistence druh\u00e9 osoby.<\/p>\n","protected":false},"excerpt":{"rendered":"<p>Takto vyzna\u010den\u00e9 m\u00edsto nen\u00ed handicapovan\u00fdm ryb\u00e1\u0159\u016fm vyhrazeno. Vyjad\u0159uje pouze skute\u010dnost, \u017ee se jedn\u00e1 o m\u00edsto vhodn\u00e9 pro rybolov provozovan\u00fd t\u011blesn\u011b posti\u017een\u00fdmi osobami. P\u0159ijde-li tedy nap\u0159. ryb\u00e1\u0159 na voz\u00ed\u010dku na takto ozna\u010den\u00e9 m\u00edsto a toto m\u00edsto bude ji\u017e obsazen\u00e9 jin\u00fdm ryb\u00e1\u0159em, m\u016f\u017ee tohoto ryb\u00e1\u0159e pouze po\u017e\u00e1dat o uvoln\u011bn\u00ed m\u00edsta (v r\u00e1mci slu\u0161nosti). Uvoln\u011bn\u00ed m\u00edsta se v &hellip; <a href=\"https:\/\/www.alhelp.cz\/?page_id=190\" class=\"more-link\">Pokra\u010dov\u00e1n\u00ed textu <span class=\"screen-reader-text\">Hendikepovan\u00ed ryb\u00e1\u0159i<\/span> <span class=\"meta-nav\">&rarr;<\/span><\/a><\/p>\n","protected":false},"author":1,"featured_media":0,"parent":62,"menu_order":0,"comment_status":"closed","ping_status":"closed","template":"","meta":{"footnotes":""},"class_list":["post-190","page","type-page","status-publish","hentry"],"_links":{"self":[{"href":"https:\/\/www.alhelp.cz\/index.php?rest_route=\/wp\/v2\/pages\/190","targetHints":{"allow":["GET"]}}],"collection":[{"href":"https:\/\/www.alhelp.cz\/index.php?rest_route=\/wp\/v2\/pages"}],"about":[{"href":"https:\/\/www.alhelp.cz\/index.php?rest_route=\/wp\/v2\/types\/page"}],"author":[{"embeddable":true,"href":"https:\/\/www.alhelp.cz\/index.php?rest_route=\/wp\/v2\/users\/1"}],"replies":[{"embeddable":true,"href":"https:\/\/www.alhelp.cz\/index.php?rest_route=%2Fwp%2Fv2%2Fcomments&post=190"}],"version-history":[{"count":1,"href":"https:\/\/www.alhelp.cz\/index.php?rest_route=\/wp\/v2\/pages\/190\/revisions"}],"predecessor-version":[{"id":191,"href":"https:\/\/www.alhelp.cz\/index.php?rest_route=\/wp\/v2\/pages\/190\/revisions\/191"}],"up":[{"embeddable":true,"href":"https:\/\/www.alhelp.cz\/index.php?rest_route=\/wp\/v2\/pages\/62"}],"wp:attachment":[{"href":"https:\/\/www.alhelp.cz\/index.php?rest_route=%2Fwp%2Fv2%2Fmedia&parent=190"}],"curies":[{"name":"wp","href":"https:\/\/api.w.org\/{rel}","templated":true}]}}