{"id":219,"date":"2018-09-17T19:33:22","date_gmt":"2018-09-17T17:33:22","guid":{"rendered":"http:\/\/www.alhelp.cz\/?page_id=219"},"modified":"2023-02-25T13:18:53","modified_gmt":"2023-02-25T12:18:53","slug":"lingva","status":"publish","type":"page","link":"https:\/\/www.alhelp.cz\/?page_id=219","title":{"rendered":"Nadace"},"content":{"rendered":"<div class=\"wp-block-image\">\n<figure class=\"aligncenter size-large is-resized\"><a href=\"https:\/\/www.alhelp.cz\/wp-content\/uploads\/2023\/02\/Dekujeme-napis.jpg\"><img loading=\"lazy\" decoding=\"async\" src=\"https:\/\/www.alhelp.cz\/wp-content\/uploads\/2023\/02\/Dekujeme-napis-1024x768.jpg\" alt=\"\" class=\"wp-image-861\" width=\"312\" height=\"234\" srcset=\"https:\/\/www.alhelp.cz\/wp-content\/uploads\/2023\/02\/Dekujeme-napis-1024x768.jpg 1024w, https:\/\/www.alhelp.cz\/wp-content\/uploads\/2023\/02\/Dekujeme-napis-300x225.jpg 300w, https:\/\/www.alhelp.cz\/wp-content\/uploads\/2023\/02\/Dekujeme-napis-768x576.jpg 768w, https:\/\/www.alhelp.cz\/wp-content\/uploads\/2023\/02\/Dekujeme-napis-1536x1152.jpg 1536w, https:\/\/www.alhelp.cz\/wp-content\/uploads\/2023\/02\/Dekujeme-napis.jpg 1600w\" sizes=\"auto, (max-width: 312px) 100vw, 312px\" \/><\/a><\/figure>\n<\/div>\n\n\n<p><strong>Seznam nadac\u00ed poskytuj\u00edc\u00ed p\u0159\u00edsp\u011bvky t\u011blesn\u011b posti\u017een\u00fdm:<\/strong><a href=\"http:\/\/www.vize.cz\/\"><\/a><\/p>\n\n\n\n<p><strong>Nadace J+T<\/strong><\/p>\n\n\n\n<p>Adresa:&nbsp;Malostransk\u00e9 n\u00e1b\u0159e\u017e\u00ed 563\/3<\/p>\n\n\n\n<p>Telefon: 221 710 374<\/p>\n\n\n\n<p>Email: nadacejt@nadacejt.cz<\/p>\n\n\n\n<p>www.nadacejt.cz<\/p>\n\n\n\n<p><strong>Za\u0159\u00edzen\u00ed Nadace Charty 77 \u2013 Konto BARI\u00c9RY<\/strong><\/p>\n\n\n\n<p>Adresa: Melantrichova 5, 110 00 Praha 1<\/p>\n\n\n\n<p>Telefon: 224 214 452, 224 230 216, 224 225 092<\/p>\n\n\n\n<p>Email: nadace77@bariery.cz<\/p>\n\n\n\n<p>www.kontobariery.cz<\/p>\n\n\n\n<p><strong>Nadace Syner<\/strong><\/p>\n\n\n\n<p>Adresa: Rumunsk\u00e1 655\/9, 460 01 Liberec 4<\/p>\n\n\n\n<p>Telefon: 488 124 101<\/p>\n\n\n\n<p>www.nadacesyner.cz<\/p>\n\n\n\n<p><strong>Nadace sester Boromejek<\/strong><\/p>\n\n\n\n<p>Adresa: \u00davoz 542\/7, 118 00 Praha \u2013 Mal\u00e1 Strana<\/p>\n\n\n\n<p>Telefon: 602 872 272<\/p>\n\n\n\n<p>www.nadacesesterboromejek.cz<\/p>\n\n\n\n<p><strong>Nadace Preciosa<\/strong><\/p>\n\n\n\n<p>Adreesa: Opletalova 3197, 466 67 Jablonec nad Nisou<\/p>\n\n\n\n<p>Telefon: 488 115 393<\/p>\n\n\n\n<p>Email: lenka.simkova2@nadace.preciosa.cz<\/p>\n\n\n\n<p>www.nadacepreciosa.cz<\/p>\n\n\n\n<p><strong>V\u00fdbor dobr\u00e9 v\u016fle \u2013 Nadace Olgy Havlov\u00e9<\/strong><\/p>\n\n\n\n<p>Adresa Senov\u00e1\u017en\u00e9 n\u00e1m\u011bst\u00ed 2, 110 00 Praha 1<\/p>\n\n\n\n<p>Telefon&nbsp;224 217 331&nbsp;(zelen\u00e1 linka \u2013 800 111 010)<\/p>\n\n\n\n<p>Email vdv@vdv.cz<\/p>\n\n\n\n<p>www.vdv.cz<\/p>\n\n\n\n<p><strong>\u010cesk\u00fd \u010derven\u00fd k\u0159\u00ed\u017e<\/strong><\/p>\n\n\n\n<p>Adresa: Rozd\u011blovsk\u00e1 2467\/63, 169 00 Praha6<\/p>\n\n\n\n<p>Telefon: 251 104 111<\/p>\n\n\n\n<p>Email: info@cervenykriz.cz<\/p>\n\n\n\n<p>www.cervenykriz.eu<\/p>\n\n\n\n<p><strong>Nada\u010dn\u00ed fond man\u017eel\u016f Livie a V\u00e1clava Klausov\u00fdch<\/strong><\/p>\n\n\n\n<p>Adresa: 119 08 Praha 1 &#8211; Hrad<\/p>\n\n\n\n<p>Telefon: 224 372 196<\/p>\n\n\n\n<p>Email: info@nadacnifondklausovych.cz<\/p>\n\n\n\n<p>www.nadacnifondklausovych.cz<\/p>\n\n\n\n<p><strong>Nadace zdrav\u00ed pro Moravu<\/strong><\/p>\n\n\n\n<p>Adresa: Klatovsk\u00e1 606\/3, 602 00 Brno<\/p>\n\n\n\n<p>Telefon: 603 420 526<\/p>\n\n\n\n<p>Email: nadace@nadacezdravi.cz<\/p>\n\n\n\n<p>www.nadacezdravi.cz<\/p>\n\n\n\n<p><strong>Nadace AGROFERT<\/strong><\/p>\n\n\n\n<p>Py\u0161elsk\u00e1 2327\/2<br>149 00 Praha 4<br>Telefon: +420 727 998 924<br>e-mail:&nbsp;info@nadaceagrofert.cz<br>www.agrofert.cz<\/p>\n","protected":false},"excerpt":{"rendered":"<p>Seznam nadac\u00ed poskytuj\u00edc\u00ed p\u0159\u00edsp\u011bvky t\u011blesn\u011b posti\u017een\u00fdm: Nadace J+T Adresa:&nbsp;Malostransk\u00e9 n\u00e1b\u0159e\u017e\u00ed 563\/3 Telefon: 221 710 374 Email: nadacejt@nadacejt.cz www.nadacejt.cz Za\u0159\u00edzen\u00ed Nadace Charty 77 \u2013 Konto BARI\u00c9RY Adresa: Melantrichova 5, 110 00 Praha 1 Telefon: 224 214 452, 224 230 216, 224 225 092 Email: nadace77@bariery.cz www.kontobariery.cz Nadace Syner Adresa: Rumunsk\u00e1 655\/9, 460 01 Liberec 4 Telefon: &hellip; <a href=\"https:\/\/www.alhelp.cz\/?page_id=219\" class=\"more-link\">Pokra\u010dov\u00e1n\u00ed textu <span class=\"screen-reader-text\">Nadace<\/span> <span class=\"meta-nav\">&rarr;<\/span><\/a><\/p>\n","protected":false},"author":1,"featured_media":0,"parent":24,"menu_order":0,"comment_status":"closed","ping_status":"closed","template":"","meta":{"footnotes":""},"class_list":["post-219","page","type-page","status-publish","hentry"],"_links":{"self":[{"href":"https:\/\/www.alhelp.cz\/index.php?rest_route=\/wp\/v2\/pages\/219","targetHints":{"allow":["GET"]}}],"collection":[{"href":"https:\/\/www.alhelp.cz\/index.php?rest_route=\/wp\/v2\/pages"}],"about":[{"href":"https:\/\/www.alhelp.cz\/index.php?rest_route=\/wp\/v2\/types\/page"}],"author":[{"embeddable":true,"href":"https:\/\/www.alhelp.cz\/index.php?rest_route=\/wp\/v2\/users\/1"}],"replies":[{"embeddable":true,"href":"https:\/\/www.alhelp.cz\/index.php?rest_route=%2Fwp%2Fv2%2Fcomments&post=219"}],"version-history":[{"count":9,"href":"https:\/\/www.alhelp.cz\/index.php?rest_route=\/wp\/v2\/pages\/219\/revisions"}],"predecessor-version":[{"id":869,"href":"https:\/\/www.alhelp.cz\/index.php?rest_route=\/wp\/v2\/pages\/219\/revisions\/869"}],"up":[{"embeddable":true,"href":"https:\/\/www.alhelp.cz\/index.php?rest_route=\/wp\/v2\/pages\/24"}],"wp:attachment":[{"href":"https:\/\/www.alhelp.cz\/index.php?rest_route=%2Fwp%2Fv2%2Fmedia&parent=219"}],"curies":[{"name":"wp","href":"https:\/\/api.w.org\/{rel}","templated":true}]}}