{"id":289,"date":"2019-02-16T10:04:38","date_gmt":"2019-02-16T09:04:38","guid":{"rendered":"http:\/\/www.alhelp.cz\/?page_id=289"},"modified":"2020-11-29T14:22:51","modified_gmt":"2020-11-29T13:22:51","slug":"kresadlo","status":"publish","type":"page","link":"https:\/\/www.alhelp.cz\/?page_id=289","title":{"rendered":"K\u0158ESADLO"},"content":{"rendered":"\n<p><strong>Cena za dobrovolnickou \u010dinnost<\/strong><\/p>\n\n\n\n<figure class=\"wp-block-image\"><img loading=\"lazy\" decoding=\"async\" width=\"1024\" height=\"466\" src=\"https:\/\/www.alhelp.cz\/wp-content\/uploads\/2019\/02\/Kresadlo_RGB_pos-1024x466.jpg\" alt=\"\" class=\"wp-image-292\" srcset=\"https:\/\/www.alhelp.cz\/wp-content\/uploads\/2019\/02\/Kresadlo_RGB_pos-1024x466.jpg 1024w, https:\/\/www.alhelp.cz\/wp-content\/uploads\/2019\/02\/Kresadlo_RGB_pos-300x137.jpg 300w, https:\/\/www.alhelp.cz\/wp-content\/uploads\/2019\/02\/Kresadlo_RGB_pos-768x349.jpg 768w, https:\/\/www.alhelp.cz\/wp-content\/uploads\/2019\/02\/Kresadlo_RGB_pos.jpg 1624w\" sizes=\"auto, (max-width: 1024px) 100vw, 1024px\" \/><\/figure>\n\n\n\n<p>D\u016fmysln\u00e1 kombinace n\u011bkolika prvk\u016f, kter\u00e9 dok\u00e1\u017e\u00ed z\u00e1zrak \u2013 vznikne ohe\u0148. K\u0159esadlo jako ocen\u011bn\u00ed pr\u00e1ce a odhodl\u00e1n\u00ed na\u0161ich dobrovoln\u00edk\u016f, je symbolem vzniku n\u011b\u010deho kr\u00e1sn\u00e9ho. Spojen\u00ed ochoty pom\u00e1hat, p\u0159evzet\u00ed zodpov\u011bdnosti za druh\u00e9, p\u00e9\u010de a l\u00e1sky, ale \u010dasto tak\u00e9 odvahy vzep\u0159\u00edt se jednoduch\u00fdm \u0159e\u0161en\u00edm a snad i nech\u00e1pav\u00fdm reakc\u00edm druh\u00fdch.&nbsp;<\/p>\n\n\n\n<p>Od roku 2018 je p\u0159ed\u00e1v\u00e1n\u00edm cen pro Kr\u00e1lov\u00e9hradeck\u00fd kraj pov\u011b\u0159en spolek <strong>ALHELP<\/strong> z.s. Po\u010d\u00ednaje rokem 2019 byl region roz\u0161\u00ed\u0159en na \u00fazem\u00ed b\u00fdval\u00e9ho V\u00fdchodo\u010desk\u00e9ho kraje, tedy na okresy Havl\u00ed\u010dk\u016fv Brod, Hradec Kr\u00e1lov\u00e9, Chrudim, Ji\u010d\u00edn, N\u00e1chod, Pardubice, Rychnov nad Kn\u011b\u017enou, Semily, Svitavy, Trutnov a \u00dast\u00ed nad Orlic\u00ed<\/p>\n\n\n\n<figure class=\"wp-block-image\"><img loading=\"lazy\" decoding=\"async\" width=\"130\" height=\"182\" src=\"https:\/\/www.alhelp.cz\/wp-content\/uploads\/2019\/02\/K\u0159esadlo-logo-mal\u00e9.jpg\" alt=\"\" class=\"wp-image-290\"\/><\/figure>\n\n\n\n<p>Hlavn\u00edm c\u00edlem ud\u011blov\u00e1n\u00ed ceny K\u0159esadlo je ocenit pr\u00e1ci dobrovoln\u00edk\u016f, upozornit na p\u0159\u00ednos dobrovolnick\u00fdch \u010dinnost\u00ed v na\u0161\u00ed spole\u010dnosti, zviditelnit p\u0159\u00edb\u011bhy vz\u00e1jemn\u00e9 a nezi\u0161tn\u00e9 pomoci a p\u0159edev\u0161\u00edm podpo\u0159it dal\u0161\u00ed lidi k zapojen\u00ed se do dobrovolnick\u00fdch aktivit.<br><br> K\u0159esadlo se sna\u017e\u00ed ocen\u011bn\u00fdm dobrovoln\u00edk\u016fm z\u00edskat respekt k jimi vykonan\u00fdm aktivit\u00e1m a z\u00e1jem \u0161ir\u0161\u00ed ve\u0159ejnosti o dobrovolnickou slu\u017ebu. Jde o symbolick\u00e9 pod\u011bkov\u00e1n\u00ed t\u011bm, kte\u0159\u00ed zdarma sv\u016fj voln\u00fd \u010das v\u011bnuj\u00ed obecn\u011b prosp\u011b\u0161n\u00fdm \u010dinnostem, pom\u00e1haj\u00ed posti\u017een\u00fdm lidem \u010di vedou r\u016fzn\u00e9 organizace, kter\u00e9 rehabilituj\u00ed my\u0161lenku dobrovolnictv\u00ed. Dobrovoln\u00edky nominuj\u00ed neziskov\u00e9 organizace i sami ob\u010dan\u00e9. O tom, komu bude n\u00e1le\u017eet ocen\u011bn\u00ed cenou K\u0159esadlo, rozhoduje komise slo\u017een\u00e1 ze z\u00e1stupc\u016f neziskov\u00fdch organizac\u00ed, novin\u00e1\u0159\u016f, z\u00e1stupc\u016f st\u00e1tn\u00ed spr\u00e1vy a samospr\u00e1vy a komer\u010dn\u00edch firem.<br> &nbsp; V Praze prob\u00edh\u00e1 slavnostn\u00ed p\u0159ed\u00e1v\u00e1n\u00ed ji\u017e pravideln\u011b za \u00fa\u010dasti prim\u00e1tora hlavn\u00ed m\u011bsta Prahy a patrona ceny K\u0159esadlo Tom\u00e1\u0161e T\u00f6pfera. Krom\u011b Prahy &nbsp;je cena K\u0159esadlo ud\u011blov\u00e1na i v dal\u0161\u00edch m\u011bstech \u010cR, mezi n\u011b pat\u0159\u00ed nap\u0159\u00edklad Liberec, Roudnice nad Labem, Olomouc Plze\u0148, \u00dast\u00ed nad Labem, Kladno, Chot\u011bbo\u0159, Pelh\u0159imov, Hradec Kr\u00e1lov\u00e9.<\/p>\n\n\n\n<p><br><\/p>\n\n\n\n<figure class=\"wp-block-image\"><img loading=\"lazy\" decoding=\"async\" width=\"724\" height=\"1024\" src=\"https:\/\/www.alhelp.cz\/wp-content\/uploads\/2019\/02\/Historie-Kresadlo_2019-pdf-724x1024.jpg\" alt=\"\" class=\"wp-image-295\"\/><\/figure>\n\n\n\n<p><a href=\"http:\/\/hest.cz\/cz\/co-delame\/cena-kresadlo\">Hestia &#8211; po\u0159adatel ceny K\u0158ESADLO<\/a><\/p>\n","protected":false},"excerpt":{"rendered":"<p>Cena za dobrovolnickou \u010dinnost D\u016fmysln\u00e1 kombinace n\u011bkolika prvk\u016f, kter\u00e9 dok\u00e1\u017e\u00ed z\u00e1zrak \u2013 vznikne ohe\u0148. K\u0159esadlo jako ocen\u011bn\u00ed pr\u00e1ce a odhodl\u00e1n\u00ed na\u0161ich dobrovoln\u00edk\u016f, je symbolem vzniku n\u011b\u010deho kr\u00e1sn\u00e9ho. Spojen\u00ed ochoty pom\u00e1hat, p\u0159evzet\u00ed zodpov\u011bdnosti za druh\u00e9, p\u00e9\u010de a l\u00e1sky, ale \u010dasto tak\u00e9 odvahy vzep\u0159\u00edt se jednoduch\u00fdm \u0159e\u0161en\u00edm a snad i nech\u00e1pav\u00fdm reakc\u00edm druh\u00fdch.&nbsp; Od roku 2018 je &hellip; <a href=\"https:\/\/www.alhelp.cz\/?page_id=289\" class=\"more-link\">Pokra\u010dov\u00e1n\u00ed textu <span class=\"screen-reader-text\">K\u0158ESADLO<\/span> <span class=\"meta-nav\">&rarr;<\/span><\/a><\/p>\n","protected":false},"author":1,"featured_media":0,"parent":0,"menu_order":0,"comment_status":"closed","ping_status":"closed","template":"","meta":{"footnotes":""},"class_list":["post-289","page","type-page","status-publish","hentry"],"_links":{"self":[{"href":"https:\/\/www.alhelp.cz\/index.php?rest_route=\/wp\/v2\/pages\/289","targetHints":{"allow":["GET"]}}],"collection":[{"href":"https:\/\/www.alhelp.cz\/index.php?rest_route=\/wp\/v2\/pages"}],"about":[{"href":"https:\/\/www.alhelp.cz\/index.php?rest_route=\/wp\/v2\/types\/page"}],"author":[{"embeddable":true,"href":"https:\/\/www.alhelp.cz\/index.php?rest_route=\/wp\/v2\/users\/1"}],"replies":[{"embeddable":true,"href":"https:\/\/www.alhelp.cz\/index.php?rest_route=%2Fwp%2Fv2%2Fcomments&post=289"}],"version-history":[{"count":6,"href":"https:\/\/www.alhelp.cz\/index.php?rest_route=\/wp\/v2\/pages\/289\/revisions"}],"predecessor-version":[{"id":616,"href":"https:\/\/www.alhelp.cz\/index.php?rest_route=\/wp\/v2\/pages\/289\/revisions\/616"}],"wp:attachment":[{"href":"https:\/\/www.alhelp.cz\/index.php?rest_route=%2Fwp%2Fv2%2Fmedia&parent=289"}],"curies":[{"name":"wp","href":"https:\/\/api.w.org\/{rel}","templated":true}]}}