{"id":405,"date":"2019-09-17T11:23:39","date_gmt":"2019-09-17T09:23:39","guid":{"rendered":"http:\/\/www.alhelp.cz\/?page_id=405"},"modified":"2023-04-21T16:55:33","modified_gmt":"2023-04-21T14:55:33","slug":"medove-dny-2019","status":"publish","type":"page","link":"https:\/\/www.alhelp.cz\/?page_id=405","title":{"rendered":"REHABILITACE"},"content":{"rendered":"\n<figure class=\"wp-block-image size-large\"><a href=\"https:\/\/www.alhelp.cz\/wp-content\/uploads\/2021\/09\/Reha-HK-logo-2021.png\"><img loading=\"lazy\" decoding=\"async\" width=\"1024\" height=\"298\" src=\"https:\/\/www.alhelp.cz\/wp-content\/uploads\/2021\/09\/Reha-HK-logo-2021-1024x298.png\" alt=\"\" class=\"wp-image-743\" srcset=\"https:\/\/www.alhelp.cz\/wp-content\/uploads\/2021\/09\/Reha-HK-logo-2021-1024x298.png 1024w, https:\/\/www.alhelp.cz\/wp-content\/uploads\/2021\/09\/Reha-HK-logo-2021-300x87.png 300w, https:\/\/www.alhelp.cz\/wp-content\/uploads\/2021\/09\/Reha-HK-logo-2021-768x224.png 768w, https:\/\/www.alhelp.cz\/wp-content\/uploads\/2021\/09\/Reha-HK-logo-2021-1536x447.png 1536w, https:\/\/www.alhelp.cz\/wp-content\/uploads\/2021\/09\/Reha-HK-logo-2021.png 2048w\" sizes=\"auto, (max-width: 1024px) 100vw, 1024px\" \/><\/a><\/figure>\n\n\n\n<h2 class=\"wp-block-heading\">Rehabilita\u010dn\u00ed Centrum v Hradci Kr\u00e1lov\u00e9<\/h2>\n\n\n\n<h4 class=\"wp-block-heading\">Pom\u016f\u017eeme v\u00e1m dos\u00e1hnout va\u0161ich c\u00edl\u016f, po n\u00e1vratu po nemoci, zran\u011bn\u00ed nebo zlep\u0161en\u00ed va\u0161\u00ed samoobslu\u017enosti<\/h4>\n\n\n\n<p>Jsme soukrom\u00e1, integrovan\u00e1 multidisciplin\u00e1rn\u00ed klinika zam\u011b\u0159en\u00e1 na p\u0159ibl\u00ed\u017een\u00ed se k va\u0161emu zdrav\u00ed a uzdraven\u00ed. A\u0165 u\u017e m\u00e1te mal\u00e9 bolesti, zotavujete se ze zran\u011bn\u00ed, zlep\u0161ujete dr\u017een\u00ed t\u011bla nebo jen udr\u017eujete zdrav\u00ed \u2013 m\u00e1me pokryt\u00e9 va\u0161e wellness c\u00edle! Nab\u00edz\u00edme rehabilita\u010dn\u00ed p\u00e9\u010di podporuj\u00edc\u00ed p\u0159edopera\u010dn\u00ed a poopera\u010dn\u00ed rehabilitaci, sportovn\u00ed \u00farazy, neurologickou fyzioterapii a ortopedickou fyzioterapii.<\/p>\n\n\n\n<blockquote class=\"wp-block-quote is-layout-flow wp-block-quote-is-layout-flow\">\n<p>\u201cRychlost, spolehlivost a vhodn\u00e9 \u0159e\u0161en\u00ed\u201d<\/p>\n<\/blockquote>\n\n\n\n<p>Dr. Mohamed El nakhala \u2013&nbsp;Zakladatel&nbsp;<\/p>\n\n\n\n<h3 class=\"wp-block-heading\">Jsme nest\u00e1tn\u00ed zdravotn\u00ed za\u0159\u00edzen\u00ed<\/h3>\n\n\n\n<p><a href=\"https:\/\/irehabilitace.cz\/cs\/\">Reha centrum &#8211; Rehabilita\u010dn\u00ed centrum a fyzioterapie v Hradeci Kr\u00e1lov\u00e9 (irehabilitace.cz) https:\/\/irehabilitace.cz\/cs\/<\/a><\/p>\n","protected":false},"excerpt":{"rendered":"<p>Rehabilita\u010dn\u00ed Centrum v Hradci Kr\u00e1lov\u00e9 Pom\u016f\u017eeme v\u00e1m dos\u00e1hnout va\u0161ich c\u00edl\u016f, po n\u00e1vratu po nemoci, zran\u011bn\u00ed nebo zlep\u0161en\u00ed va\u0161\u00ed samoobslu\u017enosti Jsme soukrom\u00e1, integrovan\u00e1 multidisciplin\u00e1rn\u00ed klinika zam\u011b\u0159en\u00e1 na p\u0159ibl\u00ed\u017een\u00ed se k va\u0161emu zdrav\u00ed a uzdraven\u00ed. A\u0165 u\u017e m\u00e1te mal\u00e9 bolesti, zotavujete se ze zran\u011bn\u00ed, zlep\u0161ujete dr\u017een\u00ed t\u011bla nebo jen udr\u017eujete zdrav\u00ed \u2013 m\u00e1me pokryt\u00e9 va\u0161e wellness c\u00edle! &hellip; <a href=\"https:\/\/www.alhelp.cz\/?page_id=405\" class=\"more-link\">Pokra\u010dov\u00e1n\u00ed textu <span class=\"screen-reader-text\">REHABILITACE<\/span> <span class=\"meta-nav\">&rarr;<\/span><\/a><\/p>\n","protected":false},"author":1,"featured_media":0,"parent":153,"menu_order":0,"comment_status":"closed","ping_status":"closed","template":"","meta":{"footnotes":""},"class_list":["post-405","page","type-page","status-publish","hentry"],"_links":{"self":[{"href":"https:\/\/www.alhelp.cz\/index.php?rest_route=\/wp\/v2\/pages\/405","targetHints":{"allow":["GET"]}}],"collection":[{"href":"https:\/\/www.alhelp.cz\/index.php?rest_route=\/wp\/v2\/pages"}],"about":[{"href":"https:\/\/www.alhelp.cz\/index.php?rest_route=\/wp\/v2\/types\/page"}],"author":[{"embeddable":true,"href":"https:\/\/www.alhelp.cz\/index.php?rest_route=\/wp\/v2\/users\/1"}],"replies":[{"embeddable":true,"href":"https:\/\/www.alhelp.cz\/index.php?rest_route=%2Fwp%2Fv2%2Fcomments&post=405"}],"version-history":[{"count":10,"href":"https:\/\/www.alhelp.cz\/index.php?rest_route=\/wp\/v2\/pages\/405\/revisions"}],"predecessor-version":[{"id":930,"href":"https:\/\/www.alhelp.cz\/index.php?rest_route=\/wp\/v2\/pages\/405\/revisions\/930"}],"up":[{"embeddable":true,"href":"https:\/\/www.alhelp.cz\/index.php?rest_route=\/wp\/v2\/pages\/153"}],"wp:attachment":[{"href":"https:\/\/www.alhelp.cz\/index.php?rest_route=%2Fwp%2Fv2%2Fmedia&parent=405"}],"curies":[{"name":"wp","href":"https:\/\/api.w.org\/{rel}","templated":true}]}}