{"id":461,"date":"2019-12-08T13:00:50","date_gmt":"2019-12-08T12:00:50","guid":{"rendered":"http:\/\/www.alhelp.cz\/?page_id=461"},"modified":"2023-05-07T11:16:38","modified_gmt":"2023-05-07T09:16:38","slug":"global-assistance","status":"publish","type":"page","link":"https:\/\/www.alhelp.cz\/?page_id=461","title":{"rendered":"Global assistance"},"content":{"rendered":"\n<figure class=\"wp-block-image size-large\"><img loading=\"lazy\" decoding=\"async\" width=\"140\" height=\"50\" src=\"https:\/\/www.alhelp.cz\/wp-content\/uploads\/2019\/12\/Global-assistance-logo-print.png\" alt=\"\" class=\"wp-image-458\"\/><\/figure>\n\n\n\n<pre class=\"wp-block-preformatted\">Nonstop asisten\u010dn\u00ed centrum  Z \u010cR: 1220                                       Ze zahrani\u010d\u00ed: +420 266 799 779<br>Sekretari\u00e1t Telefon: +420 266 799 711                                       Fax: +420 266 799 798                                                                   e-mail: sekretariat@globalassistance.cz                                 Adresa                                                                                  GLOBAL ASSISTANCE a.s.                                                        Doprav\u00e1k\u016f 749\/3                                                                           184 00 Praha 8<br><\/pre>\n\n\n\n<div data-wp-interactive=\"core\/file\" class=\"wp-block-file\"><object data-wp-bind--hidden=\"!state.hasPdfPreview\" hidden class=\"wp-block-file__embed\" data=\"https:\/\/www.alhelp.cz\/wp-content\/uploads\/2023\/05\/Ordinace-Global-Assistance_produktovy-letak_CZE_1.pdf\" type=\"application\/pdf\" style=\"width:100%;height:600px\" aria-label=\"Vlo\u017eit z Ordinace-Global-Assistance_produktovy-letak_CZE_1.\"><\/object><a id=\"wp-block-file--media-dd604f64-44ce-4f0c-a53d-67e0461dbc52\" href=\"https:\/\/www.alhelp.cz\/wp-content\/uploads\/2023\/05\/Ordinace-Global-Assistance_produktovy-letak_CZE_1.pdf\">Ordinace-Global-Assistance_produktovy-letak_CZE_1<\/a><a href=\"https:\/\/www.alhelp.cz\/wp-content\/uploads\/2023\/05\/Ordinace-Global-Assistance_produktovy-letak_CZE_1.pdf\" class=\"wp-block-file__button wp-element-button\" download aria-describedby=\"wp-block-file--media-dd604f64-44ce-4f0c-a53d-67e0461dbc52\">St\u00e1hnout<\/a><\/div>\n","protected":false},"excerpt":{"rendered":"<p>Nonstop asisten\u010dn\u00ed centrum Z \u010cR: 1220 Ze zahrani\u010d\u00ed: +420 266 799 779Sekretari\u00e1t Telefon: +420 266 799 711 Fax: +420 266 799 798 e-mail: sekretariat@globalassistance.cz Adresa GLOBAL ASSISTANCE a.s. Doprav\u00e1k\u016f 749\/3 184 00 Praha 8<\/p>\n","protected":false},"author":1,"featured_media":0,"parent":27,"menu_order":0,"comment_status":"closed","ping_status":"closed","template":"","meta":{"footnotes":""},"class_list":["post-461","page","type-page","status-publish","hentry"],"_links":{"self":[{"href":"https:\/\/www.alhelp.cz\/index.php?rest_route=\/wp\/v2\/pages\/461","targetHints":{"allow":["GET"]}}],"collection":[{"href":"https:\/\/www.alhelp.cz\/index.php?rest_route=\/wp\/v2\/pages"}],"about":[{"href":"https:\/\/www.alhelp.cz\/index.php?rest_route=\/wp\/v2\/types\/page"}],"author":[{"embeddable":true,"href":"https:\/\/www.alhelp.cz\/index.php?rest_route=\/wp\/v2\/users\/1"}],"replies":[{"embeddable":true,"href":"https:\/\/www.alhelp.cz\/index.php?rest_route=%2Fwp%2Fv2%2Fcomments&post=461"}],"version-history":[{"count":4,"href":"https:\/\/www.alhelp.cz\/index.php?rest_route=\/wp\/v2\/pages\/461\/revisions"}],"predecessor-version":[{"id":982,"href":"https:\/\/www.alhelp.cz\/index.php?rest_route=\/wp\/v2\/pages\/461\/revisions\/982"}],"up":[{"embeddable":true,"href":"https:\/\/www.alhelp.cz\/index.php?rest_route=\/wp\/v2\/pages\/27"}],"wp:attachment":[{"href":"https:\/\/www.alhelp.cz\/index.php?rest_route=%2Fwp%2Fv2%2Fmedia&parent=461"}],"curies":[{"name":"wp","href":"https:\/\/api.w.org\/{rel}","templated":true}]}}