{"id":506,"date":"2025-10-06T08:27:47","date_gmt":"2025-10-06T06:27:47","guid":{"rendered":"http:\/\/www.alhelp.cz\/?page_id=506"},"modified":"2025-10-06T08:27:47","modified_gmt":"2025-10-06T06:27:47","slug":"koronavirus","status":"publish","type":"page","link":"https:\/\/www.alhelp.cz\/?page_id=506","title":{"rendered":"Nab\u00eddka pr\u00e1ce"},"content":{"rendered":"\n<figure class=\"wp-block-image size-full\"><a href=\"https:\/\/www.alhelp.cz\/wp-content\/uploads\/2023\/06\/prace-obr.jpeg\"><img loading=\"lazy\" decoding=\"async\" width=\"600\" height=\"400\" src=\"https:\/\/www.alhelp.cz\/wp-content\/uploads\/2023\/06\/prace-obr.jpeg\" alt=\"\" class=\"wp-image-1020\" srcset=\"https:\/\/www.alhelp.cz\/wp-content\/uploads\/2023\/06\/prace-obr.jpeg 600w, https:\/\/www.alhelp.cz\/wp-content\/uploads\/2023\/06\/prace-obr-300x200.jpeg 300w\" sizes=\"auto, (max-width: 600px) 100vw, 600px\" \/><\/a><\/figure>\n\n\n\n<h1 class=\"wp-block-heading\">Fundraiser\/ka<\/h1>\n\n\n\n<p><strong>10000 &#8211; 40000,- K\u010d<\/strong><a href=\"https:\/\/cz.jooble.org\/pr%C3%A1ce\/okres-Hradec-Kr%C3%A1lov%C3%A9\"><\/a><\/p>\n\n\n\n<p>\u010cesk\u00e1 republika<\/p>\n\n\n\n<p>Pr\u00e1ce na d\u00e1lku, z domova, brig\u00e1da.<\/p>\n\n\n\n<p><strong>Po\u017eadujeme:&nbsp;<\/strong>P\u0159\u00edjemn\u00e9 vystupov\u00e1n\u00ed.<\/p>\n\n\n\n<p><strong>Nab\u00edz\u00edme:<\/strong>&nbsp;Podporu Pacientsk\u00e9 organizace, benefity sponzor\u016f, zdarma \u010derp\u00e1n\u00ed v\u00fdhod programu Handy Help.<\/p>\n\n\n\n<p><strong>N\u00e1pl\u0148 pr\u00e1ce:<\/strong>&nbsp;Hled\u00e1n\u00ed d\u00e1rc\u016f a kontakt s nimi v neziskov\u00e9 organizaci, spr\u00e1va z\u00e1kaznick\u00fdch dat.<\/p>\n\n\n\n<p>\u017divotopis pros\u00edm pos\u00edlejte na email: alhelp@alhelp.cz<\/p>\n","protected":false},"excerpt":{"rendered":"<p>Fundraiser\/ka 10000 &#8211; 40000,- K\u010d \u010cesk\u00e1 republika Pr\u00e1ce na d\u00e1lku, z domova, brig\u00e1da. Po\u017eadujeme:&nbsp;P\u0159\u00edjemn\u00e9 vystupov\u00e1n\u00ed. Nab\u00edz\u00edme:&nbsp;Podporu Pacientsk\u00e9 organizace, benefity sponzor\u016f, zdarma \u010derp\u00e1n\u00ed v\u00fdhod programu Handy Help. N\u00e1pl\u0148 pr\u00e1ce:&nbsp;Hled\u00e1n\u00ed d\u00e1rc\u016f a kontakt s nimi v neziskov\u00e9 organizaci, spr\u00e1va z\u00e1kaznick\u00fdch dat. \u017divotopis pros\u00edm pos\u00edlejte na email: alhelp@alhelp.cz<\/p>\n","protected":false},"author":1,"featured_media":0,"parent":153,"menu_order":0,"comment_status":"closed","ping_status":"closed","template":"","meta":{"footnotes":""},"class_list":["post-506","page","type-page","status-publish","hentry"],"_links":{"self":[{"href":"https:\/\/www.alhelp.cz\/index.php?rest_route=\/wp\/v2\/pages\/506","targetHints":{"allow":["GET"]}}],"collection":[{"href":"https:\/\/www.alhelp.cz\/index.php?rest_route=\/wp\/v2\/pages"}],"about":[{"href":"https:\/\/www.alhelp.cz\/index.php?rest_route=\/wp\/v2\/types\/page"}],"author":[{"embeddable":true,"href":"https:\/\/www.alhelp.cz\/index.php?rest_route=\/wp\/v2\/users\/1"}],"replies":[{"embeddable":true,"href":"https:\/\/www.alhelp.cz\/index.php?rest_route=%2Fwp%2Fv2%2Fcomments&post=506"}],"version-history":[{"count":5,"href":"https:\/\/www.alhelp.cz\/index.php?rest_route=\/wp\/v2\/pages\/506\/revisions"}],"predecessor-version":[{"id":1466,"href":"https:\/\/www.alhelp.cz\/index.php?rest_route=\/wp\/v2\/pages\/506\/revisions\/1466"}],"up":[{"embeddable":true,"href":"https:\/\/www.alhelp.cz\/index.php?rest_route=\/wp\/v2\/pages\/153"}],"wp:attachment":[{"href":"https:\/\/www.alhelp.cz\/index.php?rest_route=%2Fwp%2Fv2%2Fmedia&parent=506"}],"curies":[{"name":"wp","href":"https:\/\/api.w.org\/{rel}","templated":true}]}}