{"id":556,"date":"2020-08-16T13:44:32","date_gmt":"2020-08-16T11:44:32","guid":{"rendered":"http:\/\/www.alhelp.cz\/?page_id=556"},"modified":"2020-08-16T13:44:32","modified_gmt":"2020-08-16T11:44:32","slug":"marina-kemp","status":"publish","type":"page","link":"https:\/\/www.alhelp.cz\/?page_id=556","title":{"rendered":"MARINA KEMP"},"content":{"rendered":"\n<figure class=\"wp-block-image size-large\"><img loading=\"lazy\" decoding=\"async\" width=\"1024\" height=\"576\" src=\"https:\/\/www.alhelp.cz\/wp-content\/uploads\/2020\/08\/Marina-kemp-obrazek-uvodni-1024x576.jpeg\" alt=\"\" class=\"wp-image-557\" srcset=\"https:\/\/www.alhelp.cz\/wp-content\/uploads\/2020\/08\/Marina-kemp-obrazek-uvodni-1024x576.jpeg 1024w, https:\/\/www.alhelp.cz\/wp-content\/uploads\/2020\/08\/Marina-kemp-obrazek-uvodni-300x169.jpeg 300w, https:\/\/www.alhelp.cz\/wp-content\/uploads\/2020\/08\/Marina-kemp-obrazek-uvodni-768x432.jpeg 768w, https:\/\/www.alhelp.cz\/wp-content\/uploads\/2020\/08\/Marina-kemp-obrazek-uvodni.jpeg 1280w\" sizes=\"auto, (max-width: 1024px) 100vw, 1024px\" \/><\/figure>\n\n\n\n<h3 class=\"wp-block-heading\">MARINA KEMP ST\u00c9BLOV\u00c1, s.r.o.<\/h3>\n\n\n\n<figure class=\"wp-block-table\"><table><tbody><tr><td><\/td><td>+420 603 283 702 (Ji\u0159\u00ed Lejhanec, jednatel)<\/td><\/tr><tr><td><\/td><td>+420 777 624 441 (Ing. Zden\u011bk \u0160tamberg, jednatel)<\/td><\/tr><tr><td><\/td><td>info@marinakemp.cz<\/td><\/tr><tr><td><\/td><td>Semt\u00ednsk\u00e1 56, 533 53 Pardubice, \u010cesk\u00e1 republika<\/td><\/tr><tr><td>I\u010c:<\/td><td>288 30 326<\/td><\/tr><tr><td>DI\u010c:<\/td><td>CZ28830326<\/td><\/tr><\/tbody><\/table><\/figure>\n\n\n\n<p><a href=\"https:\/\/www.marinakemp.cz\/\">www.marinakemp.cz<\/a><\/p>\n","protected":false},"excerpt":{"rendered":"<p>MARINA KEMP ST\u00c9BLOV\u00c1, s.r.o. +420 603 283 702 (Ji\u0159\u00ed Lejhanec, jednatel) +420 777 624 441 (Ing. Zden\u011bk \u0160tamberg, jednatel) info@marinakemp.cz Semt\u00ednsk\u00e1 56, 533 53 Pardubice, \u010cesk\u00e1 republika I\u010c: 288 30 326 DI\u010c: CZ28830326 www.marinakemp.cz<\/p>\n","protected":false},"author":1,"featured_media":0,"parent":27,"menu_order":0,"comment_status":"closed","ping_status":"closed","template":"","meta":{"footnotes":""},"class_list":["post-556","page","type-page","status-publish","hentry"],"_links":{"self":[{"href":"https:\/\/www.alhelp.cz\/index.php?rest_route=\/wp\/v2\/pages\/556","targetHints":{"allow":["GET"]}}],"collection":[{"href":"https:\/\/www.alhelp.cz\/index.php?rest_route=\/wp\/v2\/pages"}],"about":[{"href":"https:\/\/www.alhelp.cz\/index.php?rest_route=\/wp\/v2\/types\/page"}],"author":[{"embeddable":true,"href":"https:\/\/www.alhelp.cz\/index.php?rest_route=\/wp\/v2\/users\/1"}],"replies":[{"embeddable":true,"href":"https:\/\/www.alhelp.cz\/index.php?rest_route=%2Fwp%2Fv2%2Fcomments&post=556"}],"version-history":[{"count":1,"href":"https:\/\/www.alhelp.cz\/index.php?rest_route=\/wp\/v2\/pages\/556\/revisions"}],"predecessor-version":[{"id":558,"href":"https:\/\/www.alhelp.cz\/index.php?rest_route=\/wp\/v2\/pages\/556\/revisions\/558"}],"up":[{"embeddable":true,"href":"https:\/\/www.alhelp.cz\/index.php?rest_route=\/wp\/v2\/pages\/27"}],"wp:attachment":[{"href":"https:\/\/www.alhelp.cz\/index.php?rest_route=%2Fwp%2Fv2%2Fmedia&parent=556"}],"curies":[{"name":"wp","href":"https:\/\/api.w.org\/{rel}","templated":true}]}}