{"id":62,"date":"2018-08-22T15:27:39","date_gmt":"2018-08-22T13:27:39","guid":{"rendered":"http:\/\/www.alhelp.cz\/?page_id=62"},"modified":"2019-01-12T14:19:32","modified_gmt":"2019-01-12T13:19:32","slug":"ryby","status":"publish","type":"page","link":"https:\/\/www.alhelp.cz\/?page_id=62","title":{"rendered":"Ryby"},"content":{"rendered":"<p><a href=\"https:\/\/www.alhelp.cz\/wp-content\/uploads\/2017\/06\/M\u00edsto-pro-handicapovan\u00e9-ryb\u00e1\u0159e-ALHELP.png\"><img loading=\"lazy\" decoding=\"async\" class=\"alignnone size-medium wp-image-63\" src=\"https:\/\/www.alhelp.cz\/wp-content\/uploads\/2017\/06\/M\u00edsto-pro-handicapovan\u00e9-ryb\u00e1\u0159e-ALHELP-235x300.png\" alt=\"\" width=\"235\" height=\"300\" srcset=\"https:\/\/www.alhelp.cz\/wp-content\/uploads\/2017\/06\/M\u00edsto-pro-handicapovan\u00e9-ryb\u00e1\u0159e-ALHELP-235x300.png 235w, https:\/\/www.alhelp.cz\/wp-content\/uploads\/2017\/06\/M\u00edsto-pro-handicapovan\u00e9-ryb\u00e1\u0159e-ALHELP.png 560w\" sizes=\"auto, (max-width: 235px) 100vw, 235px\" \/><\/a><\/p>\n<p><strong>Technickobezpe\u010dnostn\u00ed dohled<\/strong><\/p>\n<p><a href=\"https:\/\/www.alhelp.cz\/wp-content\/uploads\/2018\/06\/Rybn\u00edk-obr..png\"><img loading=\"lazy\" decoding=\"async\" class=\"size-medium wp-image-194 aligncenter\" src=\"https:\/\/www.alhelp.cz\/wp-content\/uploads\/2018\/06\/Rybn\u00edk-obr.-300x200.png\" alt=\"\" width=\"300\" height=\"200\" srcset=\"https:\/\/www.alhelp.cz\/wp-content\/uploads\/2018\/06\/Rybn\u00edk-obr.-300x200.png 300w, https:\/\/www.alhelp.cz\/wp-content\/uploads\/2018\/06\/Rybn\u00edk-obr..png 600w\" sizes=\"auto, (max-width: 300px) 100vw, 300px\" \/><\/a><\/p>\n<p><strong>Plo\u0161ina pro hendikepovan\u00e9 ryb\u00e1\u0159e<\/strong><\/p>\n<p><a href=\"https:\/\/www.alhelp.cz\/wp-content\/uploads\/2018\/08\/Plo\u0161ina-pro-hendikepovan\u00e9-ryb\u00e1\u0159e.png\"><img loading=\"lazy\" decoding=\"async\" class=\"alignnone size-medium wp-image-205\" src=\"https:\/\/www.alhelp.cz\/wp-content\/uploads\/2018\/08\/Plo\u0161ina-pro-hendikepovan\u00e9-ryb\u00e1\u0159e-300x154.png\" alt=\"\" width=\"300\" height=\"154\" srcset=\"https:\/\/www.alhelp.cz\/wp-content\/uploads\/2018\/08\/Plo\u0161ina-pro-hendikepovan\u00e9-ryb\u00e1\u0159e-300x154.png 300w, https:\/\/www.alhelp.cz\/wp-content\/uploads\/2018\/08\/Plo\u0161ina-pro-hendikepovan\u00e9-ryb\u00e1\u0159e-768x395.png 768w, https:\/\/www.alhelp.cz\/wp-content\/uploads\/2018\/08\/Plo\u0161ina-pro-hendikepovan\u00e9-ryb\u00e1\u0159e-1024x527.png 1024w, https:\/\/www.alhelp.cz\/wp-content\/uploads\/2018\/08\/Plo\u0161ina-pro-hendikepovan\u00e9-ryb\u00e1\u0159e.png 1293w\" sizes=\"auto, (max-width: 300px) 100vw, 300px\" \/><\/a><\/p>\n<p><strong>M\u011b\u0159en\u00ed koncentrace kysl\u00edku v rybn\u00edc\u00edch<\/strong><\/p>\n<p><a href=\"https:\/\/www.alhelp.cz\/wp-content\/uploads\/2019\/01\/MFD-79-opto.jpg\"><img loading=\"lazy\" decoding=\"async\" class=\"alignnone size-medium wp-image-260\" src=\"https:\/\/www.alhelp.cz\/wp-content\/uploads\/2019\/01\/MFD-79-opto-268x300.jpg\" alt=\"\" width=\"268\" height=\"300\" srcset=\"https:\/\/www.alhelp.cz\/wp-content\/uploads\/2019\/01\/MFD-79-opto-268x300.jpg 268w, https:\/\/www.alhelp.cz\/wp-content\/uploads\/2019\/01\/MFD-79-opto.jpg 515w\" sizes=\"auto, (max-width: 268px) 100vw, 268px\" \/><\/a><\/p>\n","protected":false},"excerpt":{"rendered":"<p>Technickobezpe\u010dnostn\u00ed dohled Plo\u0161ina pro hendikepovan\u00e9 ryb\u00e1\u0159e M\u011b\u0159en\u00ed koncentrace kysl\u00edku v rybn\u00edc\u00edch<\/p>\n","protected":false},"author":1,"featured_media":0,"parent":0,"menu_order":0,"comment_status":"closed","ping_status":"closed","template":"","meta":{"footnotes":""},"class_list":["post-62","page","type-page","status-publish","hentry"],"_links":{"self":[{"href":"https:\/\/www.alhelp.cz\/index.php?rest_route=\/wp\/v2\/pages\/62","targetHints":{"allow":["GET"]}}],"collection":[{"href":"https:\/\/www.alhelp.cz\/index.php?rest_route=\/wp\/v2\/pages"}],"about":[{"href":"https:\/\/www.alhelp.cz\/index.php?rest_route=\/wp\/v2\/types\/page"}],"author":[{"embeddable":true,"href":"https:\/\/www.alhelp.cz\/index.php?rest_route=\/wp\/v2\/users\/1"}],"replies":[{"embeddable":true,"href":"https:\/\/www.alhelp.cz\/index.php?rest_route=%2Fwp%2Fv2%2Fcomments&post=62"}],"version-history":[{"count":13,"href":"https:\/\/www.alhelp.cz\/index.php?rest_route=\/wp\/v2\/pages\/62\/revisions"}],"predecessor-version":[{"id":267,"href":"https:\/\/www.alhelp.cz\/index.php?rest_route=\/wp\/v2\/pages\/62\/revisions\/267"}],"wp:attachment":[{"href":"https:\/\/www.alhelp.cz\/index.php?rest_route=%2Fwp%2Fv2%2Fmedia&parent=62"}],"curies":[{"name":"wp","href":"https:\/\/api.w.org\/{rel}","templated":true}]}}