{"id":883,"date":"2024-03-02T16:14:20","date_gmt":"2024-03-02T15:14:20","guid":{"rendered":"https:\/\/www.alhelp.cz\/?page_id=883"},"modified":"2026-04-14T18:17:15","modified_gmt":"2026-04-14T16:17:15","slug":"handy-help","status":"publish","type":"page","link":"https:\/\/www.alhelp.cz\/?page_id=883","title":{"rendered":"HANDY HELP"},"content":{"rendered":"\n<figure class=\"wp-block-image size-full is-resized\"><a href=\"https:\/\/www.alhelp.cz\/wp-content\/uploads\/2023\/03\/Handy-Help-HH-logo.png\"><img loading=\"lazy\" decoding=\"async\" width=\"261\" height=\"283\" src=\"https:\/\/www.alhelp.cz\/wp-content\/uploads\/2023\/03\/Handy-Help-HH-logo.png\" alt=\"\" class=\"wp-image-884\"\/><\/a><\/figure>\n\n\n\n<div data-wp-interactive=\"core\/file\" class=\"wp-block-file\"><object data-wp-bind--hidden=\"!state.hasPdfPreview\" hidden class=\"wp-block-file__embed\" data=\"https:\/\/www.alhelp.cz\/wp-content\/uploads\/2023\/05\/Emergency-card-Handy-Help-11.5.2023-karta-slouzi-pouze-k-nahledu_ALHELP-z.s._compressed.pdf\" type=\"application\/pdf\" style=\"width:100%;height:350px\" aria-label=\"Vlo\u017eit z Handy Help karta - vzor 2024&lt;br&gt;.\"><\/object><a id=\"wp-block-file--media-6671e2d3-2e85-4372-a097-2864603190db\" href=\"https:\/\/www.alhelp.cz\/wp-content\/uploads\/2023\/05\/Emergency-card-Handy-Help-11.5.2023-karta-slouzi-pouze-k-nahledu_ALHELP-z.s._compressed.pdf\">Handy Help karta &#8211; vzor 2024<br><\/a><a href=\"https:\/\/www.alhelp.cz\/wp-content\/uploads\/2023\/05\/Emergency-card-Handy-Help-11.5.2023-karta-slouzi-pouze-k-nahledu_ALHELP-z.s._compressed.pdf\" class=\"wp-block-file__button wp-element-button\" download aria-describedby=\"wp-block-file--media-6671e2d3-2e85-4372-a097-2864603190db\">St\u00e1hnout<\/a><\/div>\n\n\n\n<p>Karta Handy Help je vyd\u00e1v\u00e1na pro dr\u017eitele pr\u016fkaz\u016f TP, ZTP, ZTP\/P, po\u017eivatele invalidn\u00edch d\u016fchod\u016f pro invaliditu I.,II., III. stupn\u011b, pro dlouhodob\u011b nemocn\u00e9 a partnery dle posouzen\u00ed spolku a umo\u017e\u0148uje jim \u010derpat v\u00fdhody u na\u0161ich partner\u016f.<\/p>\n\n\n\n<p>Aplikace Handy Help: <a href=\"https:\/\/alhelp.worldemergencycard.cz\/login\">https:\/\/alhelp.worldemergencycard.cz\/login<\/a><\/p>\n\n\n\n<p>Partne\u0159i HH:<\/p>\n\n\n\n<p>Kooperativa &#8211; slevy a\u017e 45% na jejich produkty<\/p>\n\n\n\n<p>Eroute &#8211; sleva 3% na ve\u0161ker\u00fd sortiment<\/p>\n\n\n\n<p>Str\u00e1nsk\u00fd a Petr\u017e\u00edk &#8211; sleva 5% na pneumatick\u00e9 prvky<\/p>\n\n\n\n<p>Autodrom Sosnov\u00e1 &#8211; V.I.P. vstup na vybran\u00e9 akce<\/p>\n\n\n\n<p>Marina kemp St\u00e9blov\u00e1 &#8211; zdarma pou\u017eit\u00ed Stellplatz<\/p>\n\n\n\n<p>Ryb\u00e1\u0159sk\u00fd klub &#8211; povolenky k rybolovu na vybran\u00e9 rybn\u00edky zdarma<\/p>\n","protected":false},"excerpt":{"rendered":"<p>Karta Handy Help je vyd\u00e1v\u00e1na pro dr\u017eitele pr\u016fkaz\u016f TP, ZTP, ZTP\/P, po\u017eivatele invalidn\u00edch d\u016fchod\u016f pro invaliditu I.,II., III. stupn\u011b, pro dlouhodob\u011b nemocn\u00e9 a partnery dle posouzen\u00ed spolku a umo\u017e\u0148uje jim \u010derpat v\u00fdhody u na\u0161ich partner\u016f. Aplikace Handy Help: https:\/\/alhelp.worldemergencycard.cz\/login Partne\u0159i HH: Kooperativa &#8211; slevy a\u017e 45% na jejich produkty Eroute &#8211; sleva 3% na ve\u0161ker\u00fd &hellip; <a href=\"https:\/\/www.alhelp.cz\/?page_id=883\" class=\"more-link\">Pokra\u010dov\u00e1n\u00ed textu <span class=\"screen-reader-text\">HANDY HELP<\/span> <span class=\"meta-nav\">&rarr;<\/span><\/a><\/p>\n","protected":false},"author":1,"featured_media":0,"parent":931,"menu_order":0,"comment_status":"closed","ping_status":"closed","template":"","meta":{"footnotes":""},"class_list":["post-883","page","type-page","status-publish","hentry"],"_links":{"self":[{"href":"https:\/\/www.alhelp.cz\/index.php?rest_route=\/wp\/v2\/pages\/883","targetHints":{"allow":["GET"]}}],"collection":[{"href":"https:\/\/www.alhelp.cz\/index.php?rest_route=\/wp\/v2\/pages"}],"about":[{"href":"https:\/\/www.alhelp.cz\/index.php?rest_route=\/wp\/v2\/types\/page"}],"author":[{"embeddable":true,"href":"https:\/\/www.alhelp.cz\/index.php?rest_route=\/wp\/v2\/users\/1"}],"replies":[{"embeddable":true,"href":"https:\/\/www.alhelp.cz\/index.php?rest_route=%2Fwp%2Fv2%2Fcomments&post=883"}],"version-history":[{"count":9,"href":"https:\/\/www.alhelp.cz\/index.php?rest_route=\/wp\/v2\/pages\/883\/revisions"}],"predecessor-version":[{"id":1250,"href":"https:\/\/www.alhelp.cz\/index.php?rest_route=\/wp\/v2\/pages\/883\/revisions\/1250"}],"up":[{"embeddable":true,"href":"https:\/\/www.alhelp.cz\/index.php?rest_route=\/wp\/v2\/pages\/931"}],"wp:attachment":[{"href":"https:\/\/www.alhelp.cz\/index.php?rest_route=%2Fwp%2Fv2%2Fmedia&parent=883"}],"curies":[{"name":"wp","href":"https:\/\/api.w.org\/{rel}","templated":true}]}}