{"id":892,"date":"2024-03-02T16:06:56","date_gmt":"2024-03-02T15:06:56","guid":{"rendered":"https:\/\/www.alhelp.cz\/?page_id=892"},"modified":"2024-03-02T16:06:56","modified_gmt":"2024-03-02T15:06:56","slug":"eroute","status":"publish","type":"page","link":"https:\/\/www.alhelp.cz\/?page_id=892","title":{"rendered":"Eroute"},"content":{"rendered":"\n<figure class=\"wp-block-image size-full\"><a href=\"https:\/\/www.eroute.cz\/\"><img loading=\"lazy\" decoding=\"async\" width=\"520\" height=\"175\" src=\"https:\/\/www.alhelp.cz\/wp-content\/uploads\/2023\/04\/EROUTE-logo.png\" alt=\"\" class=\"wp-image-893\" srcset=\"https:\/\/www.alhelp.cz\/wp-content\/uploads\/2023\/04\/EROUTE-logo.png 520w, https:\/\/www.alhelp.cz\/wp-content\/uploads\/2023\/04\/EROUTE-logo-300x101.png 300w\" sizes=\"auto, (max-width: 520px) 100vw, 520px\" \/><\/a><\/figure>\n\n\n\n<p><strong>Elektrosk\u016ftry<\/strong> &#8211; pro cestov\u00e1n\u00ed, z\u00e1bavu, seniory, hendikepovan\u00e9, skl\u00e1dac\u00ed, bez \u0159idi\u010dsk\u00e9ho pr\u016fkazu<\/p>\n\n\n\n<p><strong>Elektromobily<\/strong> &#8211; m\u011bstsk\u00e9 ekologick\u00e9 t\u0159\u00edkolky a \u010dty\u0159kolky<\/p>\n\n\n\n<p><strong>Zdravotn\u00ed pom\u016fcky<\/strong> &#8211; invalidn\u00ed voz\u00edtka, chod\u00edtka, zved\u00e1ky a toalety, polohovac\u00ed postele, zdravotn\u00ed hole, p\u0159enosn\u00e9 sprchovac\u00ed soupravy<\/p>\n\n\n\n<p class=\"has-black-color has-light-green-cyan-to-vivid-green-cyan-gradient-background has-text-color has-background\"><strong><em>Prodejna v Hradci Kr\u00e1lov\u00e9, Ho\u0159ick\u00e1 22\/11. Otev\u00edrac\u00ed doba Po &#8211; P\u00e1 9:00 &#8211; 15:00 hod. <\/em><\/strong>                       <strong><em>tel.: 734 671 999, email: hk@eroute.cz . Tato<\/em><\/strong> <strong><em>prodejna poskytuje slevu 3% na produkty Eroute pro dr\u017eitele zdravotn\u00ed karty World Emergency card.<\/em><\/strong><\/p>\n\n\n\n<h4 class=\"wp-block-heading\">Kontakt<\/h4>\n\n\n\n<ul class=\"wp-block-list\">\n<li><a href=\"mailto:datamatrixsro@seznam.cz\">datamatrixsro@seznam.cz<\/a><\/li>\n\n\n\n<li><a href=\"tel:+420703669443\">+420 703 669 443<\/a><\/li>\n\n\n\n<li><a href=\"tel:+420733114943\">+420 733 114 943<\/a><\/li>\n<\/ul>\n\n\n\n<div data-wp-interactive=\"core\/file\" class=\"wp-block-file\"><object data-wp-bind--hidden=\"!state.hasPdfPreview\" hidden class=\"wp-block-file__embed\" data=\"https:\/\/www.alhelp.cz\/wp-content\/uploads\/2024\/03\/Katalog-Eroute-unor-2024.pdf\" type=\"application\/pdf\" style=\"width:100%;height:730px\" aria-label=\"Vlo\u017eit z Katalog-Eroute-unor-2024.\"><\/object><a id=\"wp-block-file--media-30a8bab1-1164-4a84-b7ea-bcd4f29c5dc3\" href=\"https:\/\/www.alhelp.cz\/wp-content\/uploads\/2024\/03\/Katalog-Eroute-unor-2024.pdf\">Katalog-Eroute-unor-2024<\/a><a href=\"https:\/\/www.alhelp.cz\/wp-content\/uploads\/2024\/03\/Katalog-Eroute-unor-2024.pdf\" class=\"wp-block-file__button wp-element-button\" download aria-describedby=\"wp-block-file--media-30a8bab1-1164-4a84-b7ea-bcd4f29c5dc3\">St\u00e1hnout<\/a><\/div>\n\n\n\n<figure class=\"wp-block-image size-large\"><a href=\"https:\/\/www.eroute.cz\/elektromobily\/\"><img loading=\"lazy\" decoding=\"async\" width=\"1024\" height=\"662\" src=\"https:\/\/www.alhelp.cz\/wp-content\/uploads\/2023\/04\/Elektromobily-Eroute-1024x662.png\" alt=\"\" class=\"wp-image-900\" srcset=\"https:\/\/www.alhelp.cz\/wp-content\/uploads\/2023\/04\/Elektromobily-Eroute-1024x662.png 1024w, https:\/\/www.alhelp.cz\/wp-content\/uploads\/2023\/04\/Elektromobily-Eroute-300x194.png 300w, https:\/\/www.alhelp.cz\/wp-content\/uploads\/2023\/04\/Elektromobily-Eroute-768x496.png 768w, https:\/\/www.alhelp.cz\/wp-content\/uploads\/2023\/04\/Elektromobily-Eroute.png 1171w\" sizes=\"auto, (max-width: 1024px) 100vw, 1024px\" \/><\/a><\/figure>\n\n\n\n<figure class=\"wp-block-image size-large\"><a href=\"https:\/\/www.alhelp.cz\/wp-content\/uploads\/2023\/04\/Elektricka-vozitka-pro-seniory-Eroute.png\"><img loading=\"lazy\" decoding=\"async\" width=\"1024\" height=\"534\" src=\"https:\/\/www.alhelp.cz\/wp-content\/uploads\/2023\/04\/Elektricka-vozitka-pro-seniory-Eroute-1024x534.png\" alt=\"\" class=\"wp-image-905\" srcset=\"https:\/\/www.alhelp.cz\/wp-content\/uploads\/2023\/04\/Elektricka-vozitka-pro-seniory-Eroute-1024x534.png 1024w, https:\/\/www.alhelp.cz\/wp-content\/uploads\/2023\/04\/Elektricka-vozitka-pro-seniory-Eroute-300x156.png 300w, https:\/\/www.alhelp.cz\/wp-content\/uploads\/2023\/04\/Elektricka-vozitka-pro-seniory-Eroute-768x400.png 768w, https:\/\/www.alhelp.cz\/wp-content\/uploads\/2023\/04\/Elektricka-vozitka-pro-seniory-Eroute.png 1403w\" sizes=\"auto, (max-width: 1024px) 100vw, 1024px\" \/><\/a><\/figure>\n\n\n\n<figure class=\"wp-block-image size-large\"><a href=\"https:\/\/www.alhelp.cz\/wp-content\/uploads\/2023\/04\/Elektroskutry-bez-ridicaku-Eroute.png\"><img loading=\"lazy\" decoding=\"async\" width=\"1024\" height=\"519\" src=\"https:\/\/www.alhelp.cz\/wp-content\/uploads\/2023\/04\/Elektroskutry-bez-ridicaku-Eroute-1024x519.png\" alt=\"\" class=\"wp-image-908\" srcset=\"https:\/\/www.alhelp.cz\/wp-content\/uploads\/2023\/04\/Elektroskutry-bez-ridicaku-Eroute-1024x519.png 1024w, https:\/\/www.alhelp.cz\/wp-content\/uploads\/2023\/04\/Elektroskutry-bez-ridicaku-Eroute-300x152.png 300w, https:\/\/www.alhelp.cz\/wp-content\/uploads\/2023\/04\/Elektroskutry-bez-ridicaku-Eroute-768x389.png 768w, https:\/\/www.alhelp.cz\/wp-content\/uploads\/2023\/04\/Elektroskutry-bez-ridicaku-Eroute.png 1385w\" sizes=\"auto, (max-width: 1024px) 100vw, 1024px\" \/><\/a><\/figure>\n\n\n\n<figure class=\"wp-block-image size-large\"><a href=\"https:\/\/www.alhelp.cz\/wp-content\/uploads\/2023\/04\/Elektroskutry-Eroute.png\"><img loading=\"lazy\" decoding=\"async\" width=\"1024\" height=\"547\" src=\"https:\/\/www.alhelp.cz\/wp-content\/uploads\/2023\/04\/Elektroskutry-Eroute-1024x547.png\" alt=\"\" class=\"wp-image-909\" srcset=\"https:\/\/www.alhelp.cz\/wp-content\/uploads\/2023\/04\/Elektroskutry-Eroute-1024x547.png 1024w, https:\/\/www.alhelp.cz\/wp-content\/uploads\/2023\/04\/Elektroskutry-Eroute-300x160.png 300w, https:\/\/www.alhelp.cz\/wp-content\/uploads\/2023\/04\/Elektroskutry-Eroute-768x410.png 768w, https:\/\/www.alhelp.cz\/wp-content\/uploads\/2023\/04\/Elektroskutry-Eroute.png 1391w\" sizes=\"auto, (max-width: 1024px) 100vw, 1024px\" \/><\/a><\/figure>\n\n\n\n<figure class=\"wp-block-image size-large\"><a href=\"https:\/\/www.alhelp.cz\/wp-content\/uploads\/2023\/04\/Zdravotni-pomucky-Eroute.png\"><img loading=\"lazy\" decoding=\"async\" width=\"1024\" height=\"528\" src=\"https:\/\/www.alhelp.cz\/wp-content\/uploads\/2023\/04\/Zdravotni-pomucky-Eroute-1024x528.png\" alt=\"\" class=\"wp-image-910\" srcset=\"https:\/\/www.alhelp.cz\/wp-content\/uploads\/2023\/04\/Zdravotni-pomucky-Eroute-1024x528.png 1024w, https:\/\/www.alhelp.cz\/wp-content\/uploads\/2023\/04\/Zdravotni-pomucky-Eroute-300x155.png 300w, https:\/\/www.alhelp.cz\/wp-content\/uploads\/2023\/04\/Zdravotni-pomucky-Eroute-768x396.png 768w, https:\/\/www.alhelp.cz\/wp-content\/uploads\/2023\/04\/Zdravotni-pomucky-Eroute.png 1390w\" sizes=\"auto, (max-width: 1024px) 100vw, 1024px\" \/><\/a><\/figure>\n","protected":false},"excerpt":{"rendered":"<p>Elektrosk\u016ftry &#8211; pro cestov\u00e1n\u00ed, z\u00e1bavu, seniory, hendikepovan\u00e9, skl\u00e1dac\u00ed, bez \u0159idi\u010dsk\u00e9ho pr\u016fkazu Elektromobily &#8211; m\u011bstsk\u00e9 ekologick\u00e9 t\u0159\u00edkolky a \u010dty\u0159kolky Zdravotn\u00ed pom\u016fcky &#8211; invalidn\u00ed voz\u00edtka, chod\u00edtka, zved\u00e1ky a toalety, polohovac\u00ed postele, zdravotn\u00ed hole, p\u0159enosn\u00e9 sprchovac\u00ed soupravy Prodejna v Hradci Kr\u00e1lov\u00e9, Ho\u0159ick\u00e1 22\/11. Otev\u00edrac\u00ed doba Po &#8211; P\u00e1 9:00 &#8211; 15:00 hod. tel.: 734 671 999, email: hk@eroute.cz &hellip; <a href=\"https:\/\/www.alhelp.cz\/?page_id=892\" class=\"more-link\">Pokra\u010dov\u00e1n\u00ed textu <span class=\"screen-reader-text\">Eroute<\/span> <span class=\"meta-nav\">&rarr;<\/span><\/a><\/p>\n","protected":false},"author":1,"featured_media":0,"parent":0,"menu_order":0,"comment_status":"closed","ping_status":"closed","template":"","meta":{"footnotes":""},"class_list":["post-892","page","type-page","status-publish","hentry"],"_links":{"self":[{"href":"https:\/\/www.alhelp.cz\/index.php?rest_route=\/wp\/v2\/pages\/892","targetHints":{"allow":["GET"]}}],"collection":[{"href":"https:\/\/www.alhelp.cz\/index.php?rest_route=\/wp\/v2\/pages"}],"about":[{"href":"https:\/\/www.alhelp.cz\/index.php?rest_route=\/wp\/v2\/types\/page"}],"author":[{"embeddable":true,"href":"https:\/\/www.alhelp.cz\/index.php?rest_route=\/wp\/v2\/users\/1"}],"replies":[{"embeddable":true,"href":"https:\/\/www.alhelp.cz\/index.php?rest_route=%2Fwp%2Fv2%2Fcomments&post=892"}],"version-history":[{"count":12,"href":"https:\/\/www.alhelp.cz\/index.php?rest_route=\/wp\/v2\/pages\/892\/revisions"}],"predecessor-version":[{"id":1246,"href":"https:\/\/www.alhelp.cz\/index.php?rest_route=\/wp\/v2\/pages\/892\/revisions\/1246"}],"wp:attachment":[{"href":"https:\/\/www.alhelp.cz\/index.php?rest_route=%2Fwp%2Fv2%2Fmedia&parent=892"}],"curies":[{"name":"wp","href":"https:\/\/api.w.org\/{rel}","templated":true}]}}