{"id":9,"date":"2023-03-30T16:38:43","date_gmt":"2023-03-30T14:38:43","guid":{"rendered":"http:\/\/www.alhelp.cz\/?page_id=9"},"modified":"2023-05-07T14:05:17","modified_gmt":"2023-05-07T12:05:17","slug":"kontakt","status":"publish","type":"page","link":"https:\/\/www.alhelp.cz\/?page_id=9","title":{"rendered":"Kontakt"},"content":{"rendered":"<p><span style=\"color: #000000; font-family: Calibri;\"><strong>ALHELP z.s.<\/strong><a href=\"https:\/\/www.alhelp.cz\/wp-content\/uploads\/2015\/08\/Ob\u00e1lka-obr..jpg\"><img loading=\"lazy\" decoding=\"async\" class=\" size-medium wp-image-10 alignright\" src=\"https:\/\/www.alhelp.cz\/wp-content\/uploads\/2015\/08\/Ob\u00e1lka-obr.-300x200.jpg\" alt=\"Ob\u00e1lka obr.\" width=\"300\" height=\"200\" srcset=\"https:\/\/www.alhelp.cz\/wp-content\/uploads\/2015\/08\/Ob\u00e1lka-obr.-300x200.jpg 300w, https:\/\/www.alhelp.cz\/wp-content\/uploads\/2015\/08\/Ob\u00e1lka-obr..jpg 338w\" sizes=\"auto, (max-width: 300px) 100vw, 300px\" \/><\/a><\/span><\/p>\n<p><span style=\"color: #000000; font-family: Calibri;\">I\u010c : 22898204<\/span><\/p>\n<p><span style=\"color: #000000; font-family: Calibri;\">Pra\u017esk\u00e1 t\u0159\u00edda 770\/145a<\/span><\/p>\n<p><span style=\"color: #000000; font-family: Calibri;\">500 04 Hradec Kr\u00e1lov\u00e9<\/span><\/p>\n<p><span style=\"color: #000000; font-family: Calibri;\">Bankovn\u00ed spojen\u00ed : <\/span><\/p>\n<p><span style=\"color: #000000; font-family: Calibri;\">\u010d.\u00fa. : <strong>243&nbsp;629&nbsp;217\/0300<\/strong><\/span><\/p>\n<p><span style=\"color: #000000; font-family: Calibri;\">Po\u0161tovn\u00ed spo\u0159itelna (\u010cSOB) Hradec Kr\u00e1lov\u00e9<\/span><\/p>\n<p>IBAN : CZ3503000000000243629217<br>\nBIC (SWIFT) : CEKOCZPP<\/p>\n<p>Datov\u00e1 schr\u00e1nka:&nbsp;<strong>ct34pzt<\/strong><\/p>\n<p><span style=\"color: #000000; font-family: Calibri;\">e-mail : <\/span><a href=\"mailto:alhelp@alhelp.cz\"><u><span style=\"color: #0000ff; font-family: Calibri;\">alhelp@alhelp.cz<\/span><\/u><\/a><\/p>\n<p><a href=\"https:\/\/www.alhelp.cz\/\"><u><span style=\"color: #0000ff; font-family: Calibri;\">www.alhelp.cz<\/span><\/u><\/a><\/p>\n<p><a href=\"https:\/\/www.facebook.com\/alhelp.cz\/\"><img loading=\"lazy\" decoding=\"async\" class=\"alignnone size-full wp-image-129\" src=\"https:\/\/www.alhelp.cz\/wp-content\/uploads\/2018\/02\/fcb-logo.png\" alt=\"\" width=\"32\" height=\"32\"><\/a><\/p>\n\n\n<figure class=\"wp-block-image size-large is-resized\"><a href=\"https:\/\/www.alhelp.cz\/wp-content\/uploads\/2023\/05\/OR-kod-ALHELP-odkaz-na-www-websiteplanet-qr.png\"><img loading=\"lazy\" decoding=\"async\" src=\"https:\/\/www.alhelp.cz\/wp-content\/uploads\/2023\/05\/OR-kod-ALHELP-odkaz-na-www-websiteplanet-qr-1024x1024.png\" alt=\"\" class=\"wp-image-983\" width=\"180\" height=\"180\" srcset=\"https:\/\/www.alhelp.cz\/wp-content\/uploads\/2023\/05\/OR-kod-ALHELP-odkaz-na-www-websiteplanet-qr-1024x1024.png 1024w, https:\/\/www.alhelp.cz\/wp-content\/uploads\/2023\/05\/OR-kod-ALHELP-odkaz-na-www-websiteplanet-qr-300x300.png 300w, https:\/\/www.alhelp.cz\/wp-content\/uploads\/2023\/05\/OR-kod-ALHELP-odkaz-na-www-websiteplanet-qr-150x150.png 150w, https:\/\/www.alhelp.cz\/wp-content\/uploads\/2023\/05\/OR-kod-ALHELP-odkaz-na-www-websiteplanet-qr-768x768.png 768w, https:\/\/www.alhelp.cz\/wp-content\/uploads\/2023\/05\/OR-kod-ALHELP-odkaz-na-www-websiteplanet-qr.png 1166w\" sizes=\"auto, (max-width: 180px) 100vw, 180px\" \/><\/a><\/figure>\n","protected":false},"excerpt":{"rendered":"<p>ALHELP z.s. I\u010c : 22898204 Pra\u017esk\u00e1 t\u0159\u00edda 770\/145a 500 04 Hradec Kr\u00e1lov\u00e9 Bankovn\u00ed spojen\u00ed : \u010d.\u00fa. : 243&nbsp;629&nbsp;217\/0300 Po\u0161tovn\u00ed spo\u0159itelna (\u010cSOB) Hradec Kr\u00e1lov\u00e9 IBAN : CZ3503000000000243629217 BIC (SWIFT) : CEKOCZPP Datov\u00e1 schr\u00e1nka:&nbsp;ct34pzt e-mail : alhelp@alhelp.cz www.alhelp.cz<\/p>\n","protected":false},"author":1,"featured_media":0,"parent":0,"menu_order":0,"comment_status":"closed","ping_status":"open","template":"","meta":{"footnotes":""},"class_list":["post-9","page","type-page","status-publish","hentry"],"_links":{"self":[{"href":"https:\/\/www.alhelp.cz\/index.php?rest_route=\/wp\/v2\/pages\/9","targetHints":{"allow":["GET"]}}],"collection":[{"href":"https:\/\/www.alhelp.cz\/index.php?rest_route=\/wp\/v2\/pages"}],"about":[{"href":"https:\/\/www.alhelp.cz\/index.php?rest_route=\/wp\/v2\/types\/page"}],"author":[{"embeddable":true,"href":"https:\/\/www.alhelp.cz\/index.php?rest_route=\/wp\/v2\/users\/1"}],"replies":[{"embeddable":true,"href":"https:\/\/www.alhelp.cz\/index.php?rest_route=%2Fwp%2Fv2%2Fcomments&post=9"}],"version-history":[{"count":15,"href":"https:\/\/www.alhelp.cz\/index.php?rest_route=\/wp\/v2\/pages\/9\/revisions"}],"predecessor-version":[{"id":984,"href":"https:\/\/www.alhelp.cz\/index.php?rest_route=\/wp\/v2\/pages\/9\/revisions\/984"}],"wp:attachment":[{"href":"https:\/\/www.alhelp.cz\/index.php?rest_route=%2Fwp%2Fv2%2Fmedia&parent=9"}],"curies":[{"name":"wp","href":"https:\/\/api.w.org\/{rel}","templated":true}]}}