{"id":916,"date":"2023-04-07T10:19:09","date_gmt":"2023-04-07T08:19:09","guid":{"rendered":"https:\/\/www.alhelp.cz\/?page_id=916"},"modified":"2023-04-07T10:19:09","modified_gmt":"2023-04-07T08:19:09","slug":"eroute","status":"publish","type":"page","link":"https:\/\/www.alhelp.cz\/?page_id=916","title":{"rendered":"Eroute"},"content":{"rendered":"\n<figure class=\"wp-block-image size-full\"><a href=\"https:\/\/www.alhelp.cz\/wp-content\/uploads\/2023\/04\/EROUTE-logo-2.png\"><img loading=\"lazy\" decoding=\"async\" width=\"520\" height=\"175\" src=\"https:\/\/www.alhelp.cz\/wp-content\/uploads\/2023\/04\/EROUTE-logo-2.png\" alt=\"\" class=\"wp-image-917\" srcset=\"https:\/\/www.alhelp.cz\/wp-content\/uploads\/2023\/04\/EROUTE-logo-2.png 520w, https:\/\/www.alhelp.cz\/wp-content\/uploads\/2023\/04\/EROUTE-logo-2-300x101.png 300w\" sizes=\"auto, (max-width: 520px) 100vw, 520px\" \/><\/a><\/figure>\n\n\n\n<p><strong>Elektrosk\u016ftry<\/strong>&nbsp;\u2013 pro cestov\u00e1n\u00ed, z\u00e1bavu, seniory, hendikepovan\u00e9, skl\u00e1dac\u00ed, bez \u0159idi\u010dsk\u00e9ho pr\u016fkazu<\/p>\n\n\n\n<p><strong>Elektromobily<\/strong>&nbsp;\u2013 m\u011bstsk\u00e9 ekologick\u00e9 t\u0159\u00edkolky a \u010dty\u0159kolky<\/p>\n\n\n\n<p><strong>Zdravotn\u00ed pom\u016fcky<\/strong>&nbsp;\u2013 invalidn\u00ed voz\u00edtka, chod\u00edtka, zved\u00e1ky a toalety, polohovac\u00ed postele, zdravotn\u00ed hole<\/p>\n\n\n\n<h4 class=\"wp-block-heading\">Kontakt<\/h4>\n\n\n\n<ul class=\"wp-block-list\">\n<li><a href=\"mailto:datamatrixsro@seznam.cz\">datamatrixsro@seznam.cz<\/a><\/li>\n\n\n\n<li><a href=\"tel:+420703669443\">+420 703 669 443<\/a><\/li>\n\n\n\n<li><a href=\"tel:+420733114943\">+420 733 114 943<\/a><\/li>\n<\/ul>\n","protected":false},"excerpt":{"rendered":"<p>Elektrosk\u016ftry&nbsp;\u2013 pro cestov\u00e1n\u00ed, z\u00e1bavu, seniory, hendikepovan\u00e9, skl\u00e1dac\u00ed, bez \u0159idi\u010dsk\u00e9ho pr\u016fkazu Elektromobily&nbsp;\u2013 m\u011bstsk\u00e9 ekologick\u00e9 t\u0159\u00edkolky a \u010dty\u0159kolky Zdravotn\u00ed pom\u016fcky&nbsp;\u2013 invalidn\u00ed voz\u00edtka, chod\u00edtka, zved\u00e1ky a toalety, polohovac\u00ed postele, zdravotn\u00ed hole Kontakt<\/p>\n","protected":false},"author":1,"featured_media":0,"parent":27,"menu_order":0,"comment_status":"closed","ping_status":"closed","template":"","meta":{"footnotes":""},"class_list":["post-916","page","type-page","status-publish","hentry"],"_links":{"self":[{"href":"https:\/\/www.alhelp.cz\/index.php?rest_route=\/wp\/v2\/pages\/916","targetHints":{"allow":["GET"]}}],"collection":[{"href":"https:\/\/www.alhelp.cz\/index.php?rest_route=\/wp\/v2\/pages"}],"about":[{"href":"https:\/\/www.alhelp.cz\/index.php?rest_route=\/wp\/v2\/types\/page"}],"author":[{"embeddable":true,"href":"https:\/\/www.alhelp.cz\/index.php?rest_route=\/wp\/v2\/users\/1"}],"replies":[{"embeddable":true,"href":"https:\/\/www.alhelp.cz\/index.php?rest_route=%2Fwp%2Fv2%2Fcomments&post=916"}],"version-history":[{"count":1,"href":"https:\/\/www.alhelp.cz\/index.php?rest_route=\/wp\/v2\/pages\/916\/revisions"}],"predecessor-version":[{"id":918,"href":"https:\/\/www.alhelp.cz\/index.php?rest_route=\/wp\/v2\/pages\/916\/revisions\/918"}],"up":[{"embeddable":true,"href":"https:\/\/www.alhelp.cz\/index.php?rest_route=\/wp\/v2\/pages\/27"}],"wp:attachment":[{"href":"https:\/\/www.alhelp.cz\/index.php?rest_route=%2Fwp%2Fv2%2Fmedia&parent=916"}],"curies":[{"name":"wp","href":"https:\/\/api.w.org\/{rel}","templated":true}]}}