{"id":931,"date":"2023-04-21T17:04:54","date_gmt":"2023-04-21T15:04:54","guid":{"rendered":"https:\/\/www.alhelp.cz\/?page_id=931"},"modified":"2026-04-14T18:06:52","modified_gmt":"2026-04-14T16:06:52","slug":"emergency-card","status":"publish","type":"page","link":"https:\/\/www.alhelp.cz\/?page_id=931","title":{"rendered":"EMERGENCY CARD"},"content":{"rendered":"\n<p>Od 1.4.2026 vytvo\u0159en\u00ed z\u00e1kladn\u00edho profilu <strong>ZDARMA<\/strong> + p\u0159id\u00e1n\u00ed mnoha u\u017eite\u010dn\u00fdch funkc\u00ed.<\/p>\n\n\n\n<div data-wp-interactive=\"core\/file\" class=\"wp-block-file\"><object data-wp-bind--hidden=\"!state.hasPdfPreview\" hidden class=\"wp-block-file__embed\" data=\"https:\/\/www.alhelp.cz\/wp-content\/uploads\/2026\/04\/WEC-letak_alhelp_pdf_14.4.2026.pdf\" type=\"application\/pdf\" style=\"width:100%;height:600px\" aria-label=\"Vlo\u017eit z WEC leta\u0301k_alhelp_pdf_14.4.2026.\"><\/object><a id=\"wp-block-file--media-9a5aab11-5036-41f6-94e8-cb06793854c4\" href=\"https:\/\/www.alhelp.cz\/wp-content\/uploads\/2026\/04\/WEC-letak_alhelp_pdf_14.4.2026.pdf\">WEC leta\u0301k_alhelp_pdf_14.4.2026<\/a><a href=\"https:\/\/www.alhelp.cz\/wp-content\/uploads\/2026\/04\/WEC-letak_alhelp_pdf_14.4.2026.pdf\" class=\"wp-block-file__button wp-element-button\" download aria-describedby=\"wp-block-file--media-9a5aab11-5036-41f6-94e8-cb06793854c4\">St\u00e1hnout<\/a><\/div>\n\n\n\n<p>Spu\u0161t\u011bn\u00ed digitalizovan\u00e9 podoby World Emergency Card od 1.9.2024<\/p>\n\n\n\n<figure class=\"wp-block-image size-large\"><a href=\"https:\/\/www.alhelp.cz\/wp-content\/uploads\/2024\/08\/WEC_digi_Alhelp.jpg\"><img loading=\"lazy\" decoding=\"async\" width=\"740\" height=\"1024\" src=\"https:\/\/www.alhelp.cz\/wp-content\/uploads\/2024\/08\/WEC_digi_Alhelp-740x1024.jpg\" alt=\"\" class=\"wp-image-1361\" srcset=\"https:\/\/www.alhelp.cz\/wp-content\/uploads\/2024\/08\/WEC_digi_Alhelp-740x1024.jpg 740w, https:\/\/www.alhelp.cz\/wp-content\/uploads\/2024\/08\/WEC_digi_Alhelp-217x300.jpg 217w, https:\/\/www.alhelp.cz\/wp-content\/uploads\/2024\/08\/WEC_digi_Alhelp-768x1063.jpg 768w, https:\/\/www.alhelp.cz\/wp-content\/uploads\/2024\/08\/WEC_digi_Alhelp-1110x1536.jpg 1110w, https:\/\/www.alhelp.cz\/wp-content\/uploads\/2024\/08\/WEC_digi_Alhelp.jpg 1170w\" sizes=\"auto, (max-width: 740px) 100vw, 740px\" \/><\/a><\/figure>\n\n\n\n<p><strong>P\u0159idanou hodnotou<\/strong> takov\u00e9 digitalizovan\u00e9 karty <strong>je funkcionalita,<\/strong> kterou ur\u010dit\u011b ocen\u00edte. Jsme schopni u\u017eivatel\u016fm p\u0159\u00edmo do telefonu <strong>hromadn\u011b pos\u00edlat na d\u00e1lku upozorn\u011bn\u00ed \u010di kr\u00e1tkou zpr\u00e1vu.<\/strong> D\u00edky t\u00e9to funkci budete moci <strong>l\u00e9pe komunikovat se sv\u00fdmi \u010dleny.<\/strong> M\u016f\u017eete nap\u0159\u00edklad zaslat novinku s odkazem na web, upozorn\u011bn\u00ed na v\u00fdhodnou slevu, nebo p\u0159ipomenut\u00ed, \u017ee se z\u00edtra kon\u00e1 n\u011bjak\u00e1 akce.<\/p>\n\n\n\n<figure class=\"wp-block-image size-large\"><a href=\"https:\/\/www.alhelp.cz\/wp-content\/uploads\/2023\/05\/Emergency-card-letak-pro-ALHELP-11.5.2023-3.jpg\"><img loading=\"lazy\" decoding=\"async\" width=\"729\" height=\"1024\" src=\"https:\/\/www.alhelp.cz\/wp-content\/uploads\/2023\/05\/Emergency-card-letak-pro-ALHELP-11.5.2023-3-729x1024.jpg\" alt=\"\" class=\"wp-image-991\" srcset=\"https:\/\/www.alhelp.cz\/wp-content\/uploads\/2023\/05\/Emergency-card-letak-pro-ALHELP-11.5.2023-3-729x1024.jpg 729w, https:\/\/www.alhelp.cz\/wp-content\/uploads\/2023\/05\/Emergency-card-letak-pro-ALHELP-11.5.2023-3-214x300.jpg 214w, https:\/\/www.alhelp.cz\/wp-content\/uploads\/2023\/05\/Emergency-card-letak-pro-ALHELP-11.5.2023-3-768x1078.jpg 768w, https:\/\/www.alhelp.cz\/wp-content\/uploads\/2023\/05\/Emergency-card-letak-pro-ALHELP-11.5.2023-3-1094x1536.jpg 1094w, https:\/\/www.alhelp.cz\/wp-content\/uploads\/2023\/05\/Emergency-card-letak-pro-ALHELP-11.5.2023-3-1458x2048.jpg 1458w, https:\/\/www.alhelp.cz\/wp-content\/uploads\/2023\/05\/Emergency-card-letak-pro-ALHELP-11.5.2023-3.jpg 1702w\" sizes=\"auto, (max-width: 729px) 100vw, 729px\" \/><\/a><\/figure>\n\n\n\n<div class=\"wp-block-file\"><a id=\"wp-block-file--media-62cb005e-f198-4f34-b8f1-a65065adc5e5\" href=\"https:\/\/www.alhelp.cz\/wp-content\/uploads\/2023\/05\/WEC-ALHELP-CZ.mp4\">World Emergency Card-ALHELP-CZ<\/a><a href=\"https:\/\/www.alhelp.cz\/wp-content\/uploads\/2023\/05\/WEC-ALHELP-CZ.mp4\" class=\"wp-block-file__button wp-element-button\" download aria-describedby=\"wp-block-file--media-62cb005e-f198-4f34-b8f1-a65065adc5e5\">St\u00e1hnout<\/a><\/div>\n\n\n\n<p><strong>EMERGENCY CARD<\/strong><\/p>\n\n\n\n<p>Mezin\u00e1rodn\u00ed karta prvn\u00ed pomoci.&nbsp;EMERGENCY CARD.<strong>&nbsp;<\/strong>Digit\u00e1ln\u00ed l\u00e9ka\u0159sk\u00e1 zpr\u00e1va pro spr\u00e1vnou z\u00e1chranu tv\u00e9ho \u017eivota. V\u0161echny tvoje l\u00e9ky, krevn\u00ed skupina, alergie, kontaktn\u00ed osoba a kontakt na tv\u00e9ho l\u00e9ka\u0159e na jednom m\u00edst\u011b. V\u017edy po ruce. Karta, d\u00edky kter\u00e9 ti l\u00e9ka\u0159i v krizov\u00e9 situaci nepodaj\u00ed l\u00e9ky, kter\u00e9 ti m\u016f\u017eou zp\u016fsobit komplikace. Prvn\u00ed karti\u010dka, kter\u00e1 m\u00e1 v\u00fdsostn\u00e9 m\u00edsto ve tv\u00e9 pen\u011b\u017eence.&nbsp;<\/p>\n\n\n\n<h3 class=\"wp-block-heading\">JSEM PLATN\u00c1 PO CEL\u00c9M SV\u011aT\u011a<\/h3>\n\n\n\n<figure class=\"wp-block-image\"><img decoding=\"async\" src=\"https:\/\/58f7277acc.clvaw-cdnwnd.com\/3690324d86845fbbbef3e7d9d54af6a0\/200000055-dc68ddc68f\/Cel%C3%BD%20sv%C4%9Bt%20II.jpg?ph=58f7277acc\" alt=\"\"\/><\/figure>\n\n\n\n<h1 class=\"wp-block-heading\">Tvoje aktu\u00e1ln\u00ed zdravotn\u00ed medikace hned po ruce.<\/h1>\n\n\n\n<p>Na svou Rochovu kartu si nahraje\u0161 informace, kter\u00e9 m\u016f\u017eou pomoci v\u0161em zdravotn\u00edk\u016fm k tvoj\u00ed rychlej\u0161\u00ed z\u00e1chran\u011b. U\u017e se nestane, \u017ee bys na n\u011bco mohl zapomenout.&nbsp;&nbsp;<\/p>\n\n\n\n<h1 class=\"wp-block-heading\">Bezpe\u010dnost tv\u00fdch dat na prvn\u00edm m\u00edst\u011b.<\/h1>\n\n\n\n<p>Tv\u00e1 data jsou nahr\u00e1na na zabezpe\u010den\u00e9m serveru, ke kter\u00e9mu nikdo, krom\u011b tebe, nem\u00e1 p\u0159\u00edstup.<\/p>\n\n\n\n<h1 class=\"wp-block-heading\">Jak\u00e9 informace budou na tvoj\u00ed kart\u011b, ur\u010duje\u0161 ty.<\/h1>\n\n\n\n<p>Ve tv\u00e9m z\u00e1jmu je, aby na kart\u011b bylo co nejv\u00edce informac\u00ed o tv\u00e9m aktu\u00e1ln\u00edm zdravotn\u00edm stavu a aktu\u00e1ln\u00ed medikaci. Kontaktn\u00ed \u00fadaje na osobu bl\u00edzkou nebo bydli\u0161t\u011b mohou pomoci k jednodu\u0161\u0161\u00ed komunikaci mezi tebou a tv\u00fdm zachr\u00e1ncem.<\/p>\n\n\n\n<h1 class=\"wp-block-heading\">Pot\u0159ebuje\u0161 ROCHOVU KARTU, proto\u017ee&#8230;<\/h1>\n\n\n\n<ul class=\"wp-block-list\">\n<li>T\u011b tr\u00e1p\u00ed alergie<\/li>\n\n\n\n<li>Trp\u00ed\u0161 jakoukoliv nemoc\u00ed<\/li>\n\n\n\n<li>Bere\u0161 pravideln\u011b l\u00e9ky<\/li>\n\n\n\n<li>Nechce\u0161 spol\u00e9hat na ostatn\u00ed<\/li>\n\n\n\n<li>M\u00e1\u0161 \u0161patnou pam\u011b\u0165<\/li>\n\n\n\n<li>V ob\u010dance nem\u00e1\u0161 napsanou kontaktn\u00ed osobu<\/li>\n\n\n\n<li>Jsi zodpov\u011bdn\u00e1 osoba<\/li>\n\n\n\n<li>Nechce\u0161 si p\u0159id\u011bl\u00e1vat starosti<\/li>\n\n\n\n<li>Je to jednoduch\u00e9<\/li>\n<\/ul>\n\n\n\n<h2 class=\"wp-block-heading\">Jak to funguje?<\/h2>\n\n\n\n<p>ROCHOVA KARTA m\u00e1 v sob\u011b integrovan\u00fd chytr\u00fd \u010dip, kter\u00fd komunikuje se zabezpe\u010den\u00fdm serverem. Po p\u0159ilo\u017een\u00ed k mobiln\u00edmu za\u0159\u00edzen\u00ed, kter\u00e9 je p\u0159ipojeno k internetu, vysko\u010d\u00ed na mobiln\u00edm za\u0159\u00edzen\u00ed webov\u00fd odkaz, na kter\u00fd klikne\u0161. Po otev\u0159en\u00ed webov\u00e9 str\u00e1nky si vytvo\u0159\u00ed\u0161 profil, kde zad\u00e1\u0161 v\u0161echny \u00fadaje, jako jsou alergie, aktu\u00e1ln\u00ed l\u00e9ky, kontakt na bl\u00edzkou osobu, nemoci, jak\u00fdmi trp\u00ed\u0161 a v neposledn\u00ed \u0159ad\u011b tak\u00e9 m\u016f\u017ee\u0161 zadat i sv\u00e9ho praktick\u00e9ho l\u00e9ka\u0159e.<\/p>\n\n\n\n<p>Pro p\u0159ihl\u00e1\u0161en\u00ed do syst\u00e9mu&nbsp;<strong>bude\u0161 pot\u0159ebovat pouze telefonn\u00ed \u010d\u00edslo<\/strong>. Email nen\u00ed nutn\u00fd.<\/p>\n\n\n\n<p>Rochova karta funguje po cel\u00e9m sv\u011bt\u011b, a tak se nemus\u00ed\u0161 b\u00e1t ani zahrani\u010dn\u00edch v\u00fdlet\u016f.<\/p>\n\n\n\n<h2 class=\"wp-block-heading\">Co se stane, kdy\u017e se n\u011bco stane?<\/h2>\n\n\n\n<p>Mus\u00ed\u0161 myslet na to, abys svou Rochovu kartu m\u011bl po\u0159\u00e1d p\u0159i sob\u011b. Respektive poka\u017ed\u00e9, kdy\u017e v\u00ed\u0161, \u017ee hroz\u00ed n\u011bjak\u00e9 riziko. N\u00e1\u0161 t\u00fdm odborn\u00edk\u016f doporu\u010duje nosit kartu v pen\u011b\u017eence, a to proto, abys na kartu, kter\u00e1 ti m\u016f\u017ee zachr\u00e1nit \u017eivot, nikdy nezapomn\u011bl. Kdy\u017e se nebude\u0161 dob\u0159e c\u00edtit, nebo tv\u016fj stav nebude optim\u00e1ln\u00ed a bude vy\u017eadovat pomoc, Rochova karta je s tebou. Hned po p\u0159edlo\u017een\u00ed Rochovy karty bude \u010dlov\u011bk, kter\u00fd ti p\u0159ijede na pomoc, v\u011bd\u011bt, jak\u00e9 l\u00e9ky bere\u0161, jak\u00e9 m\u00e1\u0161 alergie a kdo je tv\u016fj o\u0161et\u0159uj\u00edc\u00ed l\u00e9ka\u0159 nebo kontaktn\u00ed osoba. D\u00edky tomu m\u016f\u017ee nap\u0159\u00edklad str\u00e1\u017en\u00edk m\u011bstsk\u00e9 policie hned zavolat tv\u00e9 kontaktn\u00ed osob\u011b, kter\u00e1 si pro tebe p\u0159ijede, nebo z\u00e1chran\u00e1\u0159 m\u016f\u017ee kontaktovat tv\u00e9ho l\u00e9ka\u0159e a t\u00edm okam\u017eit\u011b zah\u00e1jit l\u00e9\u010dbu tv\u00e9ho aktu\u00e1ln\u00edho stavu. Rochova karta um\u00ed &#8222;hovo\u0159it&#8220; v\u0161emi jazyky v cel\u00e9 Evropsk\u00e9 unii, a tak nemus\u00ed\u0161 m\u00edt obavy kartu p\u0159edlo\u017eit i v cizin\u011b.&nbsp;&nbsp;<\/p>\n\n\n\n<p><strong>V\u00fdrobce M A \u0143 S&nbsp;K I s.r.o. <\/strong><\/p>\n\n\n\n<p> <a href=\"http:\/\/www.worldemergencycard.com\">www.worldemergencycard.com<\/a>       <a href=\"http:\/\/www.rochovakarta.cz\">www.rochovakarta.cz<\/a><\/p>\n\n\n\n<p><strong>Cena &#8211; do\u017eivotn\u00ed licence<\/strong><\/p>\n\n\n\n<p>Karta zdarma * Doprava zdarma * Pouzdro zdarma<\/p>\n\n\n\n<p>Do\u017eivotn\u00ed licence 1.999,- K\u010d<\/p>\n\n\n\n<p><em><strong>Do\u017eivotn\u00ed licence pro partnery ALHELP, APP, HANDY HELP 1.599,- K\u010d<\/strong><\/em><\/p>\n\n\n\n<p>Objedn\u00e1vky s uveden\u00edm kontaktn\u00ed adresy zas\u00edlejte na email: alhelp@alhelp.cz <\/p>\n\n\n\n<p><\/p>\n","protected":false},"excerpt":{"rendered":"<p>Od 1.4.2026 vytvo\u0159en\u00ed z\u00e1kladn\u00edho profilu ZDARMA + p\u0159id\u00e1n\u00ed mnoha u\u017eite\u010dn\u00fdch funkc\u00ed. Spu\u0161t\u011bn\u00ed digitalizovan\u00e9 podoby World Emergency Card od 1.9.2024 P\u0159idanou hodnotou takov\u00e9 digitalizovan\u00e9 karty je funkcionalita, kterou ur\u010dit\u011b ocen\u00edte. Jsme schopni u\u017eivatel\u016fm p\u0159\u00edmo do telefonu hromadn\u011b pos\u00edlat na d\u00e1lku upozorn\u011bn\u00ed \u010di kr\u00e1tkou zpr\u00e1vu. D\u00edky t\u00e9to funkci budete moci l\u00e9pe komunikovat se sv\u00fdmi \u010dleny. M\u016f\u017eete nap\u0159\u00edklad &hellip; <a href=\"https:\/\/www.alhelp.cz\/?page_id=931\" class=\"more-link\">Pokra\u010dov\u00e1n\u00ed textu <span class=\"screen-reader-text\">EMERGENCY CARD<\/span> <span class=\"meta-nav\">&rarr;<\/span><\/a><\/p>\n","protected":false},"author":1,"featured_media":0,"parent":0,"menu_order":0,"comment_status":"closed","ping_status":"closed","template":"","meta":{"footnotes":""},"class_list":["post-931","page","type-page","status-publish","hentry"],"_links":{"self":[{"href":"https:\/\/www.alhelp.cz\/index.php?rest_route=\/wp\/v2\/pages\/931","targetHints":{"allow":["GET"]}}],"collection":[{"href":"https:\/\/www.alhelp.cz\/index.php?rest_route=\/wp\/v2\/pages"}],"about":[{"href":"https:\/\/www.alhelp.cz\/index.php?rest_route=\/wp\/v2\/types\/page"}],"author":[{"embeddable":true,"href":"https:\/\/www.alhelp.cz\/index.php?rest_route=\/wp\/v2\/users\/1"}],"replies":[{"embeddable":true,"href":"https:\/\/www.alhelp.cz\/index.php?rest_route=%2Fwp%2Fv2%2Fcomments&post=931"}],"version-history":[{"count":15,"href":"https:\/\/www.alhelp.cz\/index.php?rest_route=\/wp\/v2\/pages\/931\/revisions"}],"predecessor-version":[{"id":1569,"href":"https:\/\/www.alhelp.cz\/index.php?rest_route=\/wp\/v2\/pages\/931\/revisions\/1569"}],"wp:attachment":[{"href":"https:\/\/www.alhelp.cz\/index.php?rest_route=%2Fwp%2Fv2%2Fmedia&parent=931"}],"curies":[{"name":"wp","href":"https:\/\/api.w.org\/{rel}","templated":true}]}}