{"id":967,"date":"2023-05-06T12:21:58","date_gmt":"2023-05-06T10:21:58","guid":{"rendered":"https:\/\/www.alhelp.cz\/?page_id=967"},"modified":"2023-05-06T12:23:37","modified_gmt":"2023-05-06T10:23:37","slug":"thuraya-sms","status":"publish","type":"page","link":"https:\/\/www.alhelp.cz\/?page_id=967","title":{"rendered":"Thuraya &#8211; SMS"},"content":{"rendered":"\n<figure class=\"wp-block-image size-full is-resized\"><a href=\"https:\/\/www.alhelp.cz\/wp-content\/uploads\/2023\/05\/Thuraya-logo-cele.png\"><img loading=\"lazy\" decoding=\"async\" src=\"https:\/\/www.alhelp.cz\/wp-content\/uploads\/2023\/05\/Thuraya-logo-cele.png\" alt=\"\" class=\"wp-image-968\" width=\"466\" height=\"141\" srcset=\"https:\/\/www.alhelp.cz\/wp-content\/uploads\/2023\/05\/Thuraya-logo-cele.png 624w, https:\/\/www.alhelp.cz\/wp-content\/uploads\/2023\/05\/Thuraya-logo-cele-300x91.png 300w\" sizes=\"auto, (max-width: 466px) 100vw, 466px\" \/><\/a><\/figure>\n\n\n\n<p>Zasl\u00e1n\u00ed bezplatn\u00e9 SMS na satelitn\u00ed telefony s\u00edt\u011b Thuraya:<\/p>\n\n\n\n<p><a href=\"https:\/\/sms.thuraya.com\/\">Thuraya Online Serviceshttps:\/\/sms.thuraya.com\/<\/a><\/p>\n","protected":false},"excerpt":{"rendered":"<p>Zasl\u00e1n\u00ed bezplatn\u00e9 SMS na satelitn\u00ed telefony s\u00edt\u011b Thuraya: Thuraya Online Serviceshttps:\/\/sms.thuraya.com\/<\/p>\n","protected":false},"author":1,"featured_media":0,"parent":24,"menu_order":0,"comment_status":"closed","ping_status":"closed","template":"","meta":{"footnotes":""},"class_list":["post-967","page","type-page","status-publish","hentry"],"_links":{"self":[{"href":"https:\/\/www.alhelp.cz\/index.php?rest_route=\/wp\/v2\/pages\/967","targetHints":{"allow":["GET"]}}],"collection":[{"href":"https:\/\/www.alhelp.cz\/index.php?rest_route=\/wp\/v2\/pages"}],"about":[{"href":"https:\/\/www.alhelp.cz\/index.php?rest_route=\/wp\/v2\/types\/page"}],"author":[{"embeddable":true,"href":"https:\/\/www.alhelp.cz\/index.php?rest_route=\/wp\/v2\/users\/1"}],"replies":[{"embeddable":true,"href":"https:\/\/www.alhelp.cz\/index.php?rest_route=%2Fwp%2Fv2%2Fcomments&post=967"}],"version-history":[{"count":2,"href":"https:\/\/www.alhelp.cz\/index.php?rest_route=\/wp\/v2\/pages\/967\/revisions"}],"predecessor-version":[{"id":970,"href":"https:\/\/www.alhelp.cz\/index.php?rest_route=\/wp\/v2\/pages\/967\/revisions\/970"}],"up":[{"embeddable":true,"href":"https:\/\/www.alhelp.cz\/index.php?rest_route=\/wp\/v2\/pages\/24"}],"wp:attachment":[{"href":"https:\/\/www.alhelp.cz\/index.php?rest_route=%2Fwp%2Fv2%2Fmedia&parent=967"}],"curies":[{"name":"wp","href":"https:\/\/api.w.org\/{rel}","templated":true}]}}